{"id":468,"date":"2022-11-04T15:19:54","date_gmt":"2022-11-04T15:19:54","guid":{"rendered":"http:\/\/s921544358.onlinehome.fr\/?page_id=468"},"modified":"2024-03-29T07:21:03","modified_gmt":"2024-03-29T07:21:03","slug":"pont-royal","status":"publish","type":"page","link":"https:\/\/jurisgolf.eu\/?page_id=468","title":{"rendered":"LE DOMAINE"},"content":{"rendered":"\n<p class=\"has-medium-font-size\">Le domaine de Pont-Royal regroupe les installations suivantes :<\/p>\n\n\n\n<p class=\"has-medium-font-size\">&#8211; le parcours de championnat international sur 18 trous sign\u00e9 Severiano Ballesteros (par 72 de 6327m), un parcours class\u00e9 ***** par <a href=\"http:\/\/www.golfstars.com\" target=\"_blank\" rel=\"noopener\" title=\"\">GolfStars<\/a>.<\/p>\n\n\n\n<p class=\"has-medium-font-size\">&#8211; le parcours &#8220;la Durance&#8221;, un 6 trous (5 par 3 et 1 par 4 de 4545m),<\/p>\n\n\n\n<p class=\"has-medium-font-size\">&#8211; un centre d&#8217;entra\u00eenement de 41 postes, <\/p>\n\n\n\n<p class=\"has-medium-font-size\">&#8211; un putting green de 300m2,<\/p>\n\n\n\n<p class=\"has-medium-font-size\">Une aire de wedging, un chipping green, des installations d&#8217;analyse vid\u00e9o, un centre de fitting Ping, une zone One Putt et 5 greens d&#8217;entra\u00eenement.<\/p>\n\n\n\n<p><\/p>\n\n\n\n<p class=\"has-medium-font-size\">La Juris Golf 2023 se d\u00e9roulera sur le parcours \u00e9lu &#8220;<a href=\"https:\/\/worldgolfawards.com\/award\/france-best-golf-course\/2022\" target=\"_blank\" rel=\"noopener\" title=\"\">plus beau parcours de golf 2021 et 2022 par les world golf awards<\/a>&#8221; qui a \u00e9t\u00e9 dessin\u00e9 par <a href=\"https:\/\/www.golf-pontroyal.com\/parcours-ballesteros-18t\/\" target=\"_blank\" rel=\"noreferrer noopener\">Severiano Ballesteros<\/a><\/p>\n\n\n\n<p><\/p>\n\n\n\n<figure class=\"wp-block-embed is-type-video is-provider-youtube wp-block-embed-youtube wp-embed-aspect-16-9 wp-has-aspect-ratio\"><div class=\"wp-block-embed__wrapper\">\n<iframe loading=\"lazy\" hcb-fetch-image-from=\"https:\/\/youtu.be\/MvXqlWNLtjA\" title=\"J&#039;irai golfer chez vous (saison 2) : Golf International de Pont Royal\" width=\"720\" height=\"405\" src=\"https:\/\/www.youtube.com\/embed\/MvXqlWNLtjA?feature=oembed\" frameborder=\"0\" allow=\"accelerometer; autoplay; clipboard-write; encrypted-media; gyroscope; picture-in-picture; web-share\" referrerpolicy=\"strict-origin-when-cross-origin\" allowfullscreen><\/iframe>\n<\/div><figcaption class=\"wp-element-caption\">La conception du parcours par S\u00e9veriano Ballesteros, en 1991<\/figcaption><\/figure>\n\n\n<style>.wp-block-kadence-spacer.kt-block-spacer-_874f6d-d3 .kt-block-spacer{height:60px;}.wp-block-kadence-spacer.kt-block-spacer-_874f6d-d3 .kt-divider{border-top-width:1px;height:1px;border-top-color:#eee;width:80%;border-top-style:solid;}<\/style>\n<div class=\"wp-block-kadence-spacer aligncenter kt-block-spacer-_874f6d-d3\"><div class=\"kt-block-spacer kt-block-spacer-halign-center\"><hr class=\"kt-divider\"><\/div><\/div>\n\n\n\n<p class=\"wp-embed-aspect-16-9 wp-has-aspect-ratio has-medium-font-size\">\u00c0&nbsp;<strong>Pont Royal<\/strong>, les participants \u00e0 la Juris Golf \u00e9volueront sur un parcours pr\u00e9par\u00e9 de la m\u00eame mani\u00e8re qu&#8217;il l\u2019est chaque ann\u00e9e \u00e0 l\u2019occasion des grandes \u00e9preuves internationales comme l&#8217;European Challenge tour, l&#8217;Hopps Open de Provence, ou le troph\u00e9e Gounouilhou, championnat de France de premi\u00e8re division masculine.<\/p>\n\n\n\n<p class=\"wp-embed-aspect-16-9 wp-has-aspect-ratio has-medium-font-size\"><em>\u00ab&nbsp;L\u2019id\u00e9e, est de pr\u00e9parer le parcours au m\u00eame niveau que pour les grandes \u00e9preuves, pour que les joueurs de la Juris Golf ressentent les m\u00eames sensations que les professionnels et repartent de Pont-Royal avec une exp\u00e9rience unique, et des souvenirs plein la t\u00eate qui leur donnent envie de revenir jouer chez nous !&#8221;<\/em>&nbsp;explique&nbsp;<strong>J\u00e9r\u00f4me Lauredi<\/strong>, directeur g\u00e9n\u00e9ral de Pont Royal.<\/p>\n\n\n<div class=\"wp-block-image\">\n<figure class=\"aligncenter size-large\"><img loading=\"lazy\" decoding=\"async\" width=\"1024\" height=\"683\" src=\"http:\/\/s921544358.onlinehome.fr\/wp-content\/uploads\/2022\/11\/hopps_2019-313-1600x1067-1-1024x683.jpg\" alt=\"\" class=\"wp-image-696\" srcset=\"https:\/\/jurisgolf.eu\/wp-content\/uploads\/2022\/11\/hopps_2019-313-1600x1067-1-1024x683.jpg 1024w, https:\/\/jurisgolf.eu\/wp-content\/uploads\/2022\/11\/hopps_2019-313-1600x1067-1-300x200.jpg 300w, https:\/\/jurisgolf.eu\/wp-content\/uploads\/2022\/11\/hopps_2019-313-1600x1067-1-768x512.jpg 768w, https:\/\/jurisgolf.eu\/wp-content\/uploads\/2022\/11\/hopps_2019-313-1600x1067-1-1536x1024.jpg 1536w, https:\/\/jurisgolf.eu\/wp-content\/uploads\/2022\/11\/hopps_2019-313-1600x1067-1-272x182.jpg 272w, https:\/\/jurisgolf.eu\/wp-content\/uploads\/2022\/11\/hopps_2019-313-1600x1067-1.jpg 1600w\" sizes=\"auto, (max-width: 1024px) 100vw, 1024px\" \/><\/figure>\n<\/div>\n\n\n<h3 class=\"wp-block-heading\">Les d\u00e9parts en herbe \u00e0 green.<\/h3>\n\n\n\n<p class=\"has-medium-font-size\">Les hauteurs de tonte sont les m\u00eames au millim\u00e8tre pr\u00e8s que pour le Hopps open,  tout comme la fr\u00e9quence des passages de tondeuses. La roule \u00e0 3 m\u00e8tres est exceptionnelle et rend les greens exigeants sans \u00eatre injouables.<\/p>\n\n\n\n<p class=\"has-medium-font-size\">Particularit\u00e9 \u00e0&nbsp;<strong>Pont Royal<\/strong>, les tees et les greens sont garnis avec la m\u00eame vari\u00e9t\u00e9 de gazon et entretenus selon les m\u00eames proc\u00e9d\u00e9s. Les d\u00e9parts sont simplement tondus un tout petit peu plus hauts.&nbsp;<em>\u00ab&nbsp;Ils sont trait\u00e9s, a\u00e9r\u00e9s et sabl\u00e9s comme des greens&nbsp;\u00bb<\/em>, pr\u00e9cise J\u00e9r\u00f4me Lauredi, <em>&#8220;\u00e0 partir du moment que l&#8217;on re\u00e7oit la Juris Golf, on doit proposer aux comp\u00e9titeurs le m\u00eame parcours que pour le Challenge tour ou la Gounouilhou&#8221;.<\/em><\/p>\n\n\n\n<p class=\"has-text-align-justify has-medium-font-size\">Ce 18 trous offre une superbe vue panoramique sur les Alpilles, le Luberon et la Vall\u00e9e de la Durance.<\/p>\n\n\n\n<p><\/p>\n\n\n<div class=\"wp-block-image\">\n<figure class=\"alignleft size-full is-resized\"><img decoding=\"async\" src=\"https:\/\/jurisgolf.eu\/wp-content\/uploads\/2022\/11\/Logos-golfs_Label-Argent_Pont-Royal.png\" alt=\"\" class=\"wp-image-479\" width=\"-63\" height=\"-92\"\/><figcaption class=\"wp-element-caption\"><br><br><img loading=\"lazy\" decoding=\"async\" width=\"136\" height=\"200\" class=\"wp-image-479\" style=\"width: 136px;\" src=\"http:\/\/s921544358.onlinehome.fr\/wp-content\/uploads\/2022\/11\/Logos-golfs_Label-Argent_Pont-Royal.png\" alt=\"\"><\/figcaption><\/figure>\n<\/div>\n\n\n<p class=\"has-medium-font-size\">Un golf engag\u00e9 dans une d\u00e9marche durable, et labellis\u00e9 golf pour la biodiversit\u00e9 par la ffgolf. Ce dispositif, issu d\u2019un&nbsp;<a rel=\"noreferrer noopener\" href=\"https:\/\/www.ffgolf.org\/Actus\/Environnement\/Environnement-les-golfs-sources-de-biodiversite\" target=\"_blank\">partenariat entre la ffgolf et le Mus\u00e9um national d\u2019Histoire naturelle<\/a>&nbsp; r\u00e9compense les golfs qui pr\u00e9servent la biodiversit\u00e9 de leurs sites, en s\u2019appuyant sur le savoir-faire de structures naturalistes de leur secteur.<\/p>\n\n\n\n<p class=\"has-medium-font-size\"><\/p>\n\n\n<style>.wp-block-kadence-spacer.kt-block-spacer-_fbb732-c2 .kt-block-spacer{height:60px;}.wp-block-kadence-spacer.kt-block-spacer-_fbb732-c2 .kt-divider{border-top-width:1px;height:1px;border-top-color:#eee;width:80%;border-top-style:solid;}<\/style>\n<div class=\"wp-block-kadence-spacer aligncenter kt-block-spacer-_fbb732-c2\"><div class=\"kt-block-spacer kt-block-spacer-halign-center\"><hr class=\"kt-divider\"><\/div><\/div>\n\n\n\n<h2 class=\"wp-block-heading\">Jouer \u00e0 Pont-Royal<\/h2>\n\n\n\n<p class=\"has-medium-font-size\"><span style=\"text-decoration: underline;\">Tenue vestimentaire :<\/span><\/p>\n\n\n\n<p class=\"has-medium-font-size\">Une tenue correcte est exig\u00e9e. Ne sont pas autoris\u00e9s&nbsp;:<br>\u2022 Les jeans, pantalons d\u00e9lav\u00e9s ou us\u00e9s<br>\u2022 Les tee-shirts<\/p>\n\n\n\n<p class=\"has-medium-font-size\"><span style=\"text-decoration: underline;\">Sur le parcours<\/span><\/p>\n\n\n\n<p class=\"has-medium-font-size\">\u2022 Voiturettes interdites \u00e0 moins de 10 m\u00e8tres des greens<br>\u2022 Pensez \u00e0 replacer vos divots<br>\u2022 Pensez \u00e0 relever vos pitchs<br>\u2022 Ratissez les bunkers<\/p>\n\n\n\n<p class=\"has-medium-font-size\"><span style=\"text-decoration: underline;\">Temps de jeu<\/span><\/p>\n\n\n\n<p class=\"has-medium-font-size\">Pour effectuer le parcours dans des conditions normales, le temps de jeu pour parcourir le 18 trous est de&nbsp;:<br>\u2022 3 heures 45 pour les parties de 2 balles<br>\u2022 4 heures pour les parties de 3 balles<br>\u2022 4 heures 30 pour les parties de 4 balles<\/p>\n\n\n<style>.wp-block-kadence-spacer.kt-block-spacer-_2bf3ba-46 .kt-block-spacer{height:60px;}.wp-block-kadence-spacer.kt-block-spacer-_2bf3ba-46 .kt-divider{border-top-width:1px;height:1px;border-top-color:#eee;width:80%;border-top-style:solid;}<\/style>\n<div class=\"wp-block-kadence-spacer aligncenter kt-block-spacer-_2bf3ba-46\"><div class=\"kt-block-spacer kt-block-spacer-halign-center\"><hr class=\"kt-divider\"><\/div><\/div>\n","protected":false},"excerpt":{"rendered":"<p>Le domaine de Pont-Royal regroupe les installations suivantes : &#8211; le parcours de championnat international sur 18 trous sign\u00e9 Severiano Ballesteros (par 72 de 6327m), un parcours class\u00e9 ***** par GolfStars. &#8211; le parcours &#8220;la Durance&#8221;, un 6 trous (5 par 3 et 1 par 4 de 4545m), &#8211; un centre d&#8217;entra\u00eenement de 41 postes, [&hellip;]<\/p>\n","protected":false},"author":1,"featured_media":0,"parent":0,"menu_order":0,"comment_status":"closed","ping_status":"closed","template":"templates\/template-full.php","meta":{"om_disable_all_campaigns":false,"_monsterinsights_skip_tracking":false,"_monsterinsights_sitenote_active":false,"_monsterinsights_sitenote_note":"","_monsterinsights_sitenote_category":0,"_price":"","_stock":"","_tribe_ticket_header":"","_tribe_default_ticket_provider":"","_tribe_ticket_capacity":"0","_ticket_start_date":"","_ticket_end_date":"","_tribe_ticket_show_description":"","_tribe_ticket_show_not_going":false,"_tribe_ticket_use_global_stock":"","_tribe_ticket_global_stock_level":"","_global_stock_mode":"","_global_stock_cap":"","_tribe_rsvp_for_event":"","_tribe_ticket_going_count":"","_tribe_ticket_not_going_count":"","_tribe_tickets_list":"[]","_tribe_ticket_has_attendee_info_fields":false,"_themeisle_gutenberg_block_has_review":false,"footnotes":"","_tec_slr_enabled":"","_tec_slr_layout":""},"class_list":["post-468","page","type-page","status-publish","hentry","post"],"aioseo_notices":[],"ticketed":false,"_links":{"self":[{"href":"https:\/\/jurisgolf.eu\/index.php?rest_route=\/wp\/v2\/pages\/468","targetHints":{"allow":["GET"]}}],"collection":[{"href":"https:\/\/jurisgolf.eu\/index.php?rest_route=\/wp\/v2\/pages"}],"about":[{"href":"https:\/\/jurisgolf.eu\/index.php?rest_route=\/wp\/v2\/types\/page"}],"author":[{"embeddable":true,"href":"https:\/\/jurisgolf.eu\/index.php?rest_route=\/wp\/v2\/users\/1"}],"replies":[{"embeddable":true,"href":"https:\/\/jurisgolf.eu\/index.php?rest_route=%2Fwp%2Fv2%2Fcomments&post=468"}],"version-history":[{"count":94,"href":"https:\/\/jurisgolf.eu\/index.php?rest_route=\/wp\/v2\/pages\/468\/revisions"}],"predecessor-version":[{"id":3497,"href":"https:\/\/jurisgolf.eu\/index.php?rest_route=\/wp\/v2\/pages\/468\/revisions\/3497"}],"wp:attachment":[{"href":"https:\/\/jurisgolf.eu\/index.php?rest_route=%2Fwp%2Fv2%2Fmedia&parent=468"}],"curies":[{"name":"wp","href":"https:\/\/api.w.org\/{rel}","templated":true}]}}