{"id":458,"date":"2022-11-04T14:31:31","date_gmt":"2022-11-04T14:31:31","guid":{"rendered":"http:\/\/s921544358.onlinehome.fr\/?page_id=458"},"modified":"2025-10-09T05:45:17","modified_gmt":"2025-10-09T05:45:17","slug":"contact-2","status":"publish","type":"page","link":"https:\/\/jurisgolf.eu\/?page_id=458","title":{"rendered":"CONTACTS"},"content":{"rendered":"\n<p class=\"has-text-align-center has-vivid-cyan-blue-color has-text-color has-medium-font-size\"><\/p>\n\n\n\n<p class=\"has-medium-font-size\">Pr\u00e9sident : Fr\u00e9d\u00e9ric Poitou, expert judiciaire : <a href=\"mailto:frederic@jurisgolf.eu\">frederic@jurisgolf.eu<\/a> &#8211; 00 33 6 98 00 84 32<\/p>\n\n\n\n<p class=\"has-medium-font-size\">Tr\u00e9sorier et r\u00e9f\u00e9rent chez les notaires : Fabien Not &#8211; <a href=\"mailto:fabien@jurisgolf.eu\" target=\"_blank\" rel=\"noreferrer noopener\">fabien@jurisgolf.eu<\/a><\/p>\n\n\n\n<p class=\"has-medium-font-size\">Secr\u00e9taire g\u00e9n\u00e9rale, relations avec les golfs, et soir\u00e9e de gala : Marie-France Thioux &#8211; <a href=\"mailto:mariefrance@jurisgolf.eu\">mariefrance@jurisgolf.eu<\/a><\/p>\n\n\n\n<p class=\"has-medium-font-size\">Relation partenaires : Patrick Deplanque &#8211; <a href=\"mailto:lionel@jurisgolf.eu\">patrick@jurisgolf.eu<\/a><\/p>\n\n\n\n<p class=\"has-medium-font-size\">Relations avec les partenaires &#8220;autisme&#8221;, accueil partenaires : Natacha H\u00e9raly-Poitou &#8211; <a href=\"mailto:natacha@jurisgolf.eu\">natacha@jurisgolf.eu<\/a><\/p>\n\n\n\n<p class=\"has-medium-font-size\">Conseiller sportif : Lionel Panaiva &#8211; <a href=\"mailto:lionel@jurisgolf.eu\">lionel@jurisgolf.eu<\/a><\/p>\n\n\n\n<p class=\"has-medium-font-size\">M\u00e9decin r\u00e9f\u00e9rent : Dr. Annick Madonia &#8211; <a href=\"mailto:annick@jurisgolf.eu\" target=\"_blank\" rel=\"noopener\" title=\"\">annick@jurisgolf.eu<\/a><\/p>\n\n\n\n<p><\/p>\n","protected":false},"excerpt":{"rendered":"<p>Pr\u00e9sident : Fr\u00e9d\u00e9ric Poitou, expert judiciaire : frederic@jurisgolf.eu &#8211; 00 33 6 98 00 84 32 Tr\u00e9sorier et r\u00e9f\u00e9rent chez les notaires : Fabien Not &#8211; fabien@jurisgolf.eu Secr\u00e9taire g\u00e9n\u00e9rale, relations avec les golfs, et soir\u00e9e de gala : Marie-France Thioux &#8211; mariefrance@jurisgolf.eu Relation partenaires : Patrick Deplanque &#8211; patrick@jurisgolf.eu Relations avec les partenaires &#8220;autisme&#8221;, accueil [&hellip;]<\/p>\n","protected":false},"author":1,"featured_media":0,"parent":0,"menu_order":0,"comment_status":"closed","ping_status":"closed","template":"templates\/template-full.php","meta":{"om_disable_all_campaigns":false,"_monsterinsights_skip_tracking":false,"_monsterinsights_sitenote_active":false,"_monsterinsights_sitenote_note":"","_monsterinsights_sitenote_category":0,"_price":"","_stock":"","_tribe_ticket_header":"","_tribe_default_ticket_provider":"","_tribe_ticket_capacity":"0","_ticket_start_date":"","_ticket_end_date":"","_tribe_ticket_show_description":"","_tribe_ticket_show_not_going":false,"_tribe_ticket_use_global_stock":"","_tribe_ticket_global_stock_level":"","_global_stock_mode":"","_global_stock_cap":"","_tribe_rsvp_for_event":"","_tribe_ticket_going_count":"","_tribe_ticket_not_going_count":"","_tribe_tickets_list":"[]","_tribe_ticket_has_attendee_info_fields":false,"_themeisle_gutenberg_block_has_review":false,"footnotes":"","_tec_slr_enabled":"","_tec_slr_layout":""},"class_list":["post-458","page","type-page","status-publish","hentry","post"],"aioseo_notices":[],"ticketed":false,"_links":{"self":[{"href":"https:\/\/jurisgolf.eu\/index.php?rest_route=\/wp\/v2\/pages\/458","targetHints":{"allow":["GET"]}}],"collection":[{"href":"https:\/\/jurisgolf.eu\/index.php?rest_route=\/wp\/v2\/pages"}],"about":[{"href":"https:\/\/jurisgolf.eu\/index.php?rest_route=\/wp\/v2\/types\/page"}],"author":[{"embeddable":true,"href":"https:\/\/jurisgolf.eu\/index.php?rest_route=\/wp\/v2\/users\/1"}],"replies":[{"embeddable":true,"href":"https:\/\/jurisgolf.eu\/index.php?rest_route=%2Fwp%2Fv2%2Fcomments&post=458"}],"version-history":[{"count":39,"href":"https:\/\/jurisgolf.eu\/index.php?rest_route=\/wp\/v2\/pages\/458\/revisions"}],"predecessor-version":[{"id":3925,"href":"https:\/\/jurisgolf.eu\/index.php?rest_route=\/wp\/v2\/pages\/458\/revisions\/3925"}],"wp:attachment":[{"href":"https:\/\/jurisgolf.eu\/index.php?rest_route=%2Fwp%2Fv2%2Fmedia&parent=458"}],"curies":[{"name":"wp","href":"https:\/\/api.w.org\/{rel}","templated":true}]}}