{"id":4197,"date":"2026-01-07T16:30:12","date_gmt":"2026-01-07T16:30:12","guid":{"rendered":"https:\/\/jurisgolf.eu\/?page_id=4197"},"modified":"2026-03-30T13:18:40","modified_gmt":"2026-03-30T13:18:40","slug":"textiles-juris-golf","status":"publish","type":"page","link":"https:\/\/jurisgolf.eu\/?page_id=4197","title":{"rendered":"POLOS &#8220;JURIS&#8221;"},"content":{"rendered":"\n<p class=\"has-medium-font-size\">Nous avons le plaisir de vous pr\u00e9senter la nouvelle gamme de polos&nbsp;<strong>Juris Golf 2026<\/strong>, imagin\u00e9e et cr\u00e9\u00e9e par la marque<strong> Camb\u00e9rab\u00e9ro<\/strong>.<\/p>\n\n\n\n<p class=\"has-medium-font-size\">La famille Camberabero est la famille la plus marquante du rugby fran\u00e7ais. Guy et Lilian &#8211; <em>les lutins de la Voulte<\/em> &#8211; en ont \u00e9t\u00e9 les dignes repr\u00e9sentants. Avant que Gilles et son fr\u00e8re Didier ne prennent leur relais sur les terrains. En 1996, Guy, Lilian, Didier et Gilles Camberabero lan\u00e7aient leur marque de v\u00eatements de sport, Camb\u00e9 sport. <\/p>\n\n\n<div class=\"wp-block-image\">\n<figure class=\"aligncenter size-large\"><img loading=\"lazy\" decoding=\"async\" width=\"1024\" height=\"674\" src=\"https:\/\/jurisgolf.eu\/wp-content\/uploads\/2026\/01\/image-4-1024x674.jpeg\" alt=\"\" class=\"wp-image-4226\" srcset=\"https:\/\/jurisgolf.eu\/wp-content\/uploads\/2026\/01\/image-4-1024x674.jpeg 1024w, https:\/\/jurisgolf.eu\/wp-content\/uploads\/2026\/01\/image-4-300x198.jpeg 300w, https:\/\/jurisgolf.eu\/wp-content\/uploads\/2026\/01\/image-4-768x506.jpeg 768w, https:\/\/jurisgolf.eu\/wp-content\/uploads\/2026\/01\/image-4-1536x1012.jpeg 1536w, https:\/\/jurisgolf.eu\/wp-content\/uploads\/2026\/01\/image-4-2048x1349.jpeg 2048w\" sizes=\"auto, (max-width: 1024px) 100vw, 1024px\" \/><figcaption class=\"wp-element-caption\"><sub><em>Didier, Guy et Gilles Camb\u00e9rab\u00e9ro<\/em><\/sub><\/figcaption><\/figure>\n<\/div>\n\n\n<p class=\"has-medium-font-size\">L\u2019histoire forte d\u2019une enseigne qui continue d\u2019\u00e9voluer 28 ans plus tard et qui a cr\u00e9\u00e9e en 2026 la ligne &#8220;Juris Golf&#8221;, dont le lancement se fera \u00e0 l&#8217;occasion de la comp\u00e9tition. Cette ligne textile vient enrichir l\u2019univers de notre comp\u00e9tition en alliant \u00e9l\u00e9gance, confort et performance, sp\u00e9cialement pens\u00e9es pour les golfeurs exigeants.<\/p>\n\n\n\n<p class=\"has-medium-font-size\">Les polos&nbsp;<strong>Juris Golf 2026<\/strong>&nbsp;refl\u00e8tent un style moderne et raffin\u00e9, tout en r\u00e9pondant aux standards techniques du golf d\u2019aujourd\u2019hui. Ils sont confectionn\u00e9s dans une&nbsp;<strong>maille technique respirante<\/strong>&nbsp;de derni\u00e8re g\u00e9n\u00e9ration<\/p>\n\n\n\n<p class=\"has-medium-font-size\">Gilles et Didier viendront vous pr\u00e9senter cette nouvelle collection lors de la comp\u00e9tition, afin que vous puissiez la d\u00e9couvrir et la commander sur place.<br><br>Responsables d\u00e9veloppement de la gamme Juris Golf : <a href=\"mailto:frederic@jurisgolf.eu\" title=\"\">Natacha et Magaly<\/a><\/p>\n\n\n\n<figure class=\"wp-block-image size-large\"><img loading=\"lazy\" decoding=\"async\" width=\"1024\" height=\"623\" src=\"https:\/\/jurisgolf.eu\/wp-content\/uploads\/2026\/03\/image-4-1024x623.jpeg\" alt=\"\" class=\"wp-image-4424\" srcset=\"https:\/\/jurisgolf.eu\/wp-content\/uploads\/2026\/03\/image-4-1024x623.jpeg 1024w, https:\/\/jurisgolf.eu\/wp-content\/uploads\/2026\/03\/image-4-300x183.jpeg 300w, https:\/\/jurisgolf.eu\/wp-content\/uploads\/2026\/03\/image-4-768x467.jpeg 768w, https:\/\/jurisgolf.eu\/wp-content\/uploads\/2026\/03\/image-4.jpeg 1430w\" sizes=\"auto, (max-width: 1024px) 100vw, 1024px\" \/><figcaption class=\"wp-element-caption\">Screenshot<\/figcaption><\/figure>\n","protected":false},"excerpt":{"rendered":"<p>Nous avons le plaisir de vous pr\u00e9senter la nouvelle gamme de polos&nbsp;Juris Golf 2026, imagin\u00e9e et cr\u00e9\u00e9e par la marque Camb\u00e9rab\u00e9ro. La famille Camberabero est la famille la plus marquante du rugby fran\u00e7ais. Guy et Lilian &#8211; les lutins de la Voulte &#8211; en ont \u00e9t\u00e9 les dignes repr\u00e9sentants. Avant que Gilles et son fr\u00e8re [&hellip;]<\/p>\n","protected":false},"author":1,"featured_media":0,"parent":0,"menu_order":0,"comment_status":"closed","ping_status":"closed","template":"templates\/template-full.php","meta":{"om_disable_all_campaigns":false,"_monsterinsights_skip_tracking":false,"_monsterinsights_sitenote_active":false,"_monsterinsights_sitenote_note":"","_monsterinsights_sitenote_category":0,"_price":"","_stock":"","_tribe_ticket_header":"","_tribe_default_ticket_provider":"","_tribe_ticket_capacity":"0","_ticket_start_date":"","_ticket_end_date":"","_tribe_ticket_show_description":"","_tribe_ticket_show_not_going":false,"_tribe_ticket_use_global_stock":"","_tribe_ticket_global_stock_level":"","_global_stock_mode":"","_global_stock_cap":"","_tribe_rsvp_for_event":"","_tribe_ticket_going_count":"","_tribe_ticket_not_going_count":"","_tribe_tickets_list":"[]","_tribe_ticket_has_attendee_info_fields":false,"_themeisle_gutenberg_block_has_review":false,"footnotes":"","_tec_slr_enabled":"","_tec_slr_layout":""},"class_list":["post-4197","page","type-page","status-publish","hentry","post"],"aioseo_notices":[],"ticketed":false,"_links":{"self":[{"href":"https:\/\/jurisgolf.eu\/index.php?rest_route=\/wp\/v2\/pages\/4197","targetHints":{"allow":["GET"]}}],"collection":[{"href":"https:\/\/jurisgolf.eu\/index.php?rest_route=\/wp\/v2\/pages"}],"about":[{"href":"https:\/\/jurisgolf.eu\/index.php?rest_route=\/wp\/v2\/types\/page"}],"author":[{"embeddable":true,"href":"https:\/\/jurisgolf.eu\/index.php?rest_route=\/wp\/v2\/users\/1"}],"replies":[{"embeddable":true,"href":"https:\/\/jurisgolf.eu\/index.php?rest_route=%2Fwp%2Fv2%2Fcomments&post=4197"}],"version-history":[{"count":12,"href":"https:\/\/jurisgolf.eu\/index.php?rest_route=\/wp\/v2\/pages\/4197\/revisions"}],"predecessor-version":[{"id":4426,"href":"https:\/\/jurisgolf.eu\/index.php?rest_route=\/wp\/v2\/pages\/4197\/revisions\/4426"}],"wp:attachment":[{"href":"https:\/\/jurisgolf.eu\/index.php?rest_route=%2Fwp%2Fv2%2Fmedia&parent=4197"}],"curies":[{"name":"wp","href":"https:\/\/api.w.org\/{rel}","templated":true}]}}