{"id":3616,"date":"2025-07-25T15:21:28","date_gmt":"2025-07-25T15:21:28","guid":{"rendered":"https:\/\/jurisgolf.eu\/?page_id=3616"},"modified":"2026-01-16T07:21:35","modified_gmt":"2026-01-16T07:21:35","slug":"domaine-et-le-parcours","status":"publish","type":"page","link":"https:\/\/jurisgolf.eu\/?page_id=3616","title":{"rendered":"DOMAINE ET PARCOURS"},"content":{"rendered":"\n<p class=\"has-medium-font-size\">Le domaine s&#8217;\u00e9tend sur 65 hectares :<\/p>\n\n\n\n<figure class=\"wp-block-embed is-type-video is-provider-youtube wp-block-embed-youtube wp-embed-aspect-16-9 wp-has-aspect-ratio\"><div class=\"wp-block-embed__wrapper\">\n<iframe loading=\"lazy\" hcb-fetch-image-from=\"https:\/\/youtu.be\/mhufBzQuHU4?si=Z9pbjmBOZ_2aRF7t\" title=\"Golf d&#039;Aix en Provence - drone aerial video - overview\" width=\"720\" height=\"405\" src=\"https:\/\/www.youtube.com\/embed\/mhufBzQuHU4?feature=oembed\" frameborder=\"0\" allow=\"accelerometer; autoplay; clipboard-write; encrypted-media; gyroscope; picture-in-picture; web-share\" referrerpolicy=\"strict-origin-when-cross-origin\" allowfullscreen><\/iframe>\n<\/div><\/figure>\n\n\n\n<p class=\"has-medium-font-size\">Le\u00a0parcours de golf 18 trous\u00a0(par 69, 5\u202f054 m\u00e8tres), dessin\u00e9 en 1990 par l\u2019architecte am\u00e9ricain\u00a0Ronald Fream, s\u2019\u00e9tend dans un somptueux parc arbor\u00e9 alliant pins, cypr\u00e8s et vallonnements au c\u0153ur de la campagne aixoise. S\u2019il peut para\u00eetre accessible au premier abord, il requiert en r\u00e9alit\u00e9\u00a0une grande pr\u00e9cision\u00a0et r\u00e9v\u00e8le toute sa\u00a0technicit\u00e9, notamment dans sa seconde moiti\u00e9.<\/p>\n\n\n\n<figure class=\"wp-block-gallery has-nested-images columns-default is-cropped wp-block-gallery-2 is-layout-flex wp-block-gallery-is-layout-flex\">\n<figure class=\"wp-block-image size-full\"><img loading=\"lazy\" decoding=\"async\" width=\"640\" height=\"413\" data-id=\"3633\" src=\"https:\/\/jurisgolf.eu\/wp-content\/uploads\/2025\/07\/Juris-golf-2026.webp\" alt=\"\" class=\"wp-image-3633\" srcset=\"https:\/\/jurisgolf.eu\/wp-content\/uploads\/2025\/07\/Juris-golf-2026.webp 640w, https:\/\/jurisgolf.eu\/wp-content\/uploads\/2025\/07\/Juris-golf-2026-300x194.webp 300w\" sizes=\"auto, (max-width: 640px) 100vw, 640px\" \/><\/figure>\n\n\n\n<figure class=\"wp-block-image size-full\"><img loading=\"lazy\" decoding=\"async\" width=\"1024\" height=\"682\" data-id=\"3634\" src=\"https:\/\/jurisgolf.eu\/wp-content\/uploads\/2025\/07\/Juris-Golf-2026-2-1.jpg\" alt=\"\" class=\"wp-image-3634\" srcset=\"https:\/\/jurisgolf.eu\/wp-content\/uploads\/2025\/07\/Juris-Golf-2026-2-1.jpg 1024w, https:\/\/jurisgolf.eu\/wp-content\/uploads\/2025\/07\/Juris-Golf-2026-2-1-300x200.jpg 300w, https:\/\/jurisgolf.eu\/wp-content\/uploads\/2025\/07\/Juris-Golf-2026-2-1-768x512.jpg 768w, https:\/\/jurisgolf.eu\/wp-content\/uploads\/2025\/07\/Juris-Golf-2026-2-1-272x182.jpg 272w, https:\/\/jurisgolf.eu\/wp-content\/uploads\/2025\/07\/Juris-Golf-2026-2-1-360x240.jpg 360w, https:\/\/jurisgolf.eu\/wp-content\/uploads\/2025\/07\/Juris-Golf-2026-2-1-720x480.jpg 720w\" sizes=\"auto, (max-width: 1024px) 100vw, 1024px\" \/><\/figure>\n\n\n\n<figure class=\"wp-block-image size-full\"><img loading=\"lazy\" decoding=\"async\" width=\"600\" height=\"399\" data-id=\"3635\" src=\"https:\/\/jurisgolf.eu\/wp-content\/uploads\/2025\/07\/Juris-Golf-2026-3-1.jpg\" alt=\"\" class=\"wp-image-3635\" srcset=\"https:\/\/jurisgolf.eu\/wp-content\/uploads\/2025\/07\/Juris-Golf-2026-3-1.jpg 600w, https:\/\/jurisgolf.eu\/wp-content\/uploads\/2025\/07\/Juris-Golf-2026-3-1-300x200.jpg 300w, https:\/\/jurisgolf.eu\/wp-content\/uploads\/2025\/07\/Juris-Golf-2026-3-1-272x182.jpg 272w, https:\/\/jurisgolf.eu\/wp-content\/uploads\/2025\/07\/Juris-Golf-2026-3-1-360x240.jpg 360w\" sizes=\"auto, (max-width: 600px) 100vw, 600px\" \/><\/figure>\n<\/figure>\n\n\n\n<p class=\"has-medium-font-size\"><\/p>\n\n\n<style>.wp-block-kadence-spacer.kt-block-spacer-3616_4ec883-c3 .kt-block-spacer{height:60px;}.wp-block-kadence-spacer.kt-block-spacer-3616_4ec883-c3 .kt-divider{border-top-width:1px;height:1px;border-top-color:#eee;width:80%;border-top-style:solid;}<\/style>\n<div class=\"wp-block-kadence-spacer aligncenter kt-block-spacer-3616_4ec883-c3\"><div class=\"kt-block-spacer kt-block-spacer-halign-center\"><hr class=\"kt-divider\"\/><\/div><\/div>\n\n\n\n<p class=\"has-medium-font-size\">Le <a href=\"https:\/\/setclub.com\/setclub-hotel\/\" target=\"_blank\" rel=\"noopener\" title=\"\">Set H\u00f4tel &amp; Spa<\/a> propose&nbsp;71 chambres et suites, offrant pour la plupart une vue imprenable sur le golf. L\u2019\u00e9tablissement dispose d\u2019un&nbsp;spa, de&nbsp;piscines int\u00e9rieure et ext\u00e9rieure, d\u2019un&nbsp;centre de fitness, d\u2019un&nbsp;espace bien-\u00eatre avec massages, ainsi que d\u2019un&nbsp;club enfants&nbsp;pour les plus jeunes.<\/p>\n\n\n\n<figure class=\"wp-block-gallery has-nested-images columns-default is-cropped wp-block-gallery-3 is-layout-flex wp-block-gallery-is-layout-flex\">\n<figure class=\"wp-block-image size-large\"><img loading=\"lazy\" decoding=\"async\" width=\"1024\" height=\"683\" data-id=\"3624\" src=\"https:\/\/jurisgolf.eu\/wp-content\/uploads\/2025\/07\/Juris-Golf-2026-2-1024x683.jpg\" alt=\"\" class=\"wp-image-3624\" srcset=\"https:\/\/jurisgolf.eu\/wp-content\/uploads\/2025\/07\/Juris-Golf-2026-2-1024x683.jpg 1024w, https:\/\/jurisgolf.eu\/wp-content\/uploads\/2025\/07\/Juris-Golf-2026-2-300x200.jpg 300w, https:\/\/jurisgolf.eu\/wp-content\/uploads\/2025\/07\/Juris-Golf-2026-2-768x512.jpg 768w, https:\/\/jurisgolf.eu\/wp-content\/uploads\/2025\/07\/Juris-Golf-2026-2-1536x1024.jpg 1536w, https:\/\/jurisgolf.eu\/wp-content\/uploads\/2025\/07\/Juris-Golf-2026-2-2048x1365.jpg 2048w, https:\/\/jurisgolf.eu\/wp-content\/uploads\/2025\/07\/Juris-Golf-2026-2-272x182.jpg 272w, https:\/\/jurisgolf.eu\/wp-content\/uploads\/2025\/07\/Juris-Golf-2026-2-360x240.jpg 360w, https:\/\/jurisgolf.eu\/wp-content\/uploads\/2025\/07\/Juris-Golf-2026-2-720x480.jpg 720w\" sizes=\"auto, (max-width: 1024px) 100vw, 1024px\" \/><\/figure>\n\n\n\n<figure class=\"wp-block-image size-large\"><img loading=\"lazy\" decoding=\"async\" width=\"1024\" height=\"640\" data-id=\"3626\" src=\"https:\/\/jurisgolf.eu\/wp-content\/uploads\/2025\/07\/Juris-golf-2026-3-1024x640.jpg\" alt=\"\" class=\"wp-image-3626\" srcset=\"https:\/\/jurisgolf.eu\/wp-content\/uploads\/2025\/07\/Juris-golf-2026-3-1024x640.jpg 1024w, https:\/\/jurisgolf.eu\/wp-content\/uploads\/2025\/07\/Juris-golf-2026-3-300x188.jpg 300w, https:\/\/jurisgolf.eu\/wp-content\/uploads\/2025\/07\/Juris-golf-2026-3-768x480.jpg 768w, https:\/\/jurisgolf.eu\/wp-content\/uploads\/2025\/07\/Juris-golf-2026-3-1536x960.jpg 1536w, https:\/\/jurisgolf.eu\/wp-content\/uploads\/2025\/07\/Juris-golf-2026-3-2048x1280.jpg 2048w, https:\/\/jurisgolf.eu\/wp-content\/uploads\/2025\/07\/Juris-golf-2026-3-436x272.jpg 436w\" sizes=\"auto, (max-width: 1024px) 100vw, 1024px\" \/><\/figure>\n\n\n\n<figure class=\"wp-block-image size-large\"><img loading=\"lazy\" decoding=\"async\" width=\"1024\" height=\"683\" data-id=\"3627\" src=\"https:\/\/jurisgolf.eu\/wp-content\/uploads\/2025\/07\/Juris-Golf-2026-4-1024x683.jpg\" alt=\"\" class=\"wp-image-3627\" srcset=\"https:\/\/jurisgolf.eu\/wp-content\/uploads\/2025\/07\/Juris-Golf-2026-4-1024x683.jpg 1024w, https:\/\/jurisgolf.eu\/wp-content\/uploads\/2025\/07\/Juris-Golf-2026-4-300x200.jpg 300w, https:\/\/jurisgolf.eu\/wp-content\/uploads\/2025\/07\/Juris-Golf-2026-4-768x512.jpg 768w, https:\/\/jurisgolf.eu\/wp-content\/uploads\/2025\/07\/Juris-Golf-2026-4-1536x1024.jpg 1536w, https:\/\/jurisgolf.eu\/wp-content\/uploads\/2025\/07\/Juris-Golf-2026-4-2048x1366.jpg 2048w, https:\/\/jurisgolf.eu\/wp-content\/uploads\/2025\/07\/Juris-Golf-2026-4-272x182.jpg 272w, https:\/\/jurisgolf.eu\/wp-content\/uploads\/2025\/07\/Juris-Golf-2026-4-360x240.jpg 360w, https:\/\/jurisgolf.eu\/wp-content\/uploads\/2025\/07\/Juris-Golf-2026-4-720x480.jpg 720w\" sizes=\"auto, (max-width: 1024px) 100vw, 1024px\" \/><\/figure>\n\n\n\n<figure class=\"wp-block-image size-large\"><img loading=\"lazy\" decoding=\"async\" width=\"1024\" height=\"683\" data-id=\"3628\" src=\"https:\/\/jurisgolf.eu\/wp-content\/uploads\/2025\/07\/Juris-Golf-2026-5.jpg\" alt=\"\" class=\"wp-image-3628\" srcset=\"https:\/\/jurisgolf.eu\/wp-content\/uploads\/2025\/07\/Juris-Golf-2026-5.jpg 1024w, https:\/\/jurisgolf.eu\/wp-content\/uploads\/2025\/07\/Juris-Golf-2026-5-300x200.jpg 300w, https:\/\/jurisgolf.eu\/wp-content\/uploads\/2025\/07\/Juris-Golf-2026-5-768x512.jpg 768w, https:\/\/jurisgolf.eu\/wp-content\/uploads\/2025\/07\/Juris-Golf-2026-5-272x182.jpg 272w, https:\/\/jurisgolf.eu\/wp-content\/uploads\/2025\/07\/Juris-Golf-2026-5-360x240.jpg 360w, https:\/\/jurisgolf.eu\/wp-content\/uploads\/2025\/07\/Juris-Golf-2026-5-720x480.jpg 720w\" sizes=\"auto, (max-width: 1024px) 100vw, 1024px\" \/><\/figure>\n\n\n\n<figure class=\"wp-block-image size-large\"><img loading=\"lazy\" decoding=\"async\" width=\"1024\" height=\"768\" data-id=\"3629\" src=\"https:\/\/jurisgolf.eu\/wp-content\/uploads\/2025\/07\/Juris-Golf-2026-6.jpg\" alt=\"\" class=\"wp-image-3629\" srcset=\"https:\/\/jurisgolf.eu\/wp-content\/uploads\/2025\/07\/Juris-Golf-2026-6.jpg 1024w, https:\/\/jurisgolf.eu\/wp-content\/uploads\/2025\/07\/Juris-Golf-2026-6-300x225.jpg 300w, https:\/\/jurisgolf.eu\/wp-content\/uploads\/2025\/07\/Juris-Golf-2026-6-768x576.jpg 768w\" sizes=\"auto, (max-width: 1024px) 100vw, 1024px\" \/><\/figure>\n\n\n\n<figure class=\"wp-block-image size-large\"><img loading=\"lazy\" decoding=\"async\" width=\"1024\" height=\"640\" data-id=\"3630\" src=\"https:\/\/jurisgolf.eu\/wp-content\/uploads\/2025\/07\/Juris-Golf-2026-7-1024x640.jpg\" alt=\"\" class=\"wp-image-3630\" srcset=\"https:\/\/jurisgolf.eu\/wp-content\/uploads\/2025\/07\/Juris-Golf-2026-7-1024x640.jpg 1024w, https:\/\/jurisgolf.eu\/wp-content\/uploads\/2025\/07\/Juris-Golf-2026-7-300x188.jpg 300w, https:\/\/jurisgolf.eu\/wp-content\/uploads\/2025\/07\/Juris-Golf-2026-7-768x480.jpg 768w, https:\/\/jurisgolf.eu\/wp-content\/uploads\/2025\/07\/Juris-Golf-2026-7-1536x960.jpg 1536w, https:\/\/jurisgolf.eu\/wp-content\/uploads\/2025\/07\/Juris-Golf-2026-7-2048x1280.jpg 2048w, https:\/\/jurisgolf.eu\/wp-content\/uploads\/2025\/07\/Juris-Golf-2026-7-436x272.jpg 436w\" sizes=\"auto, (max-width: 1024px) 100vw, 1024px\" \/><\/figure>\n<\/figure>\n\n\n\n<p>Trois&nbsp;restaurants&nbsp;accueillent les visiteurs tout au long de l\u2019ann\u00e9e :&nbsp;La Piscine, ouvert en saison estivale au bord du bassin ;&nbsp;<\/p>\n\n\n\n<figure class=\"wp-block-gallery has-nested-images columns-default is-cropped wp-block-gallery-4 is-layout-flex wp-block-gallery-is-layout-flex\">\n<figure class=\"wp-block-image size-full\"><img loading=\"lazy\" decoding=\"async\" width=\"1024\" height=\"683\" data-id=\"3640\" src=\"https:\/\/jurisgolf.eu\/wp-content\/uploads\/2025\/07\/Juris-Golf-2026-1.jpg\" alt=\"\" class=\"wp-image-3640\" srcset=\"https:\/\/jurisgolf.eu\/wp-content\/uploads\/2025\/07\/Juris-Golf-2026-1.jpg 1024w, https:\/\/jurisgolf.eu\/wp-content\/uploads\/2025\/07\/Juris-Golf-2026-1-300x200.jpg 300w, https:\/\/jurisgolf.eu\/wp-content\/uploads\/2025\/07\/Juris-Golf-2026-1-768x512.jpg 768w, https:\/\/jurisgolf.eu\/wp-content\/uploads\/2025\/07\/Juris-Golf-2026-1-272x182.jpg 272w, https:\/\/jurisgolf.eu\/wp-content\/uploads\/2025\/07\/Juris-Golf-2026-1-360x240.jpg 360w, https:\/\/jurisgolf.eu\/wp-content\/uploads\/2025\/07\/Juris-Golf-2026-1-720x480.jpg 720w\" sizes=\"auto, (max-width: 1024px) 100vw, 1024px\" \/><\/figure>\n\n\n\n<figure class=\"wp-block-image size-large\"><img loading=\"lazy\" decoding=\"async\" width=\"1024\" height=\"683\" data-id=\"3641\" src=\"https:\/\/jurisgolf.eu\/wp-content\/uploads\/2025\/07\/Juris-Golf-2026-2-2-1024x683.jpg\" alt=\"\" class=\"wp-image-3641\" srcset=\"https:\/\/jurisgolf.eu\/wp-content\/uploads\/2025\/07\/Juris-Golf-2026-2-2-1024x683.jpg 1024w, https:\/\/jurisgolf.eu\/wp-content\/uploads\/2025\/07\/Juris-Golf-2026-2-2-300x200.jpg 300w, https:\/\/jurisgolf.eu\/wp-content\/uploads\/2025\/07\/Juris-Golf-2026-2-2-768x512.jpg 768w, https:\/\/jurisgolf.eu\/wp-content\/uploads\/2025\/07\/Juris-Golf-2026-2-2-1536x1024.jpg 1536w, https:\/\/jurisgolf.eu\/wp-content\/uploads\/2025\/07\/Juris-Golf-2026-2-2-2048x1365.jpg 2048w, https:\/\/jurisgolf.eu\/wp-content\/uploads\/2025\/07\/Juris-Golf-2026-2-2-272x182.jpg 272w, https:\/\/jurisgolf.eu\/wp-content\/uploads\/2025\/07\/Juris-Golf-2026-2-2-360x240.jpg 360w, https:\/\/jurisgolf.eu\/wp-content\/uploads\/2025\/07\/Juris-Golf-2026-2-2-720x480.jpg 720w\" sizes=\"auto, (max-width: 1024px) 100vw, 1024px\" \/><\/figure>\n\n\n\n<figure class=\"wp-block-image size-full\"><img loading=\"lazy\" decoding=\"async\" width=\"1024\" height=\"683\" data-id=\"3642\" src=\"https:\/\/jurisgolf.eu\/wp-content\/uploads\/2025\/07\/Juris-Golf-2026-3-2.jpg\" alt=\"\" class=\"wp-image-3642\" srcset=\"https:\/\/jurisgolf.eu\/wp-content\/uploads\/2025\/07\/Juris-Golf-2026-3-2.jpg 1024w, https:\/\/jurisgolf.eu\/wp-content\/uploads\/2025\/07\/Juris-Golf-2026-3-2-300x200.jpg 300w, https:\/\/jurisgolf.eu\/wp-content\/uploads\/2025\/07\/Juris-Golf-2026-3-2-768x512.jpg 768w, https:\/\/jurisgolf.eu\/wp-content\/uploads\/2025\/07\/Juris-Golf-2026-3-2-272x182.jpg 272w, https:\/\/jurisgolf.eu\/wp-content\/uploads\/2025\/07\/Juris-Golf-2026-3-2-360x240.jpg 360w, https:\/\/jurisgolf.eu\/wp-content\/uploads\/2025\/07\/Juris-Golf-2026-3-2-720x480.jpg 720w\" sizes=\"auto, (max-width: 1024px) 100vw, 1024px\" \/><\/figure>\n<\/figure>\n\n\n\n<p>Le Patio, en int\u00e9rieur, accessible le reste de l\u2019ann\u00e9e. Ces \u00e9tablissements sont plac\u00e9s sous la direction du chef&nbsp;Vincent Merly, qui propose une cuisine raffin\u00e9e accompagn\u00e9e de&nbsp;brunchs,&nbsp;cocktails&nbsp;et&nbsp;desserts maison.<\/p>\n\n\n\n<figure class=\"wp-block-gallery has-nested-images columns-default is-cropped wp-block-gallery-5 is-layout-flex wp-block-gallery-is-layout-flex\">\n<figure class=\"wp-block-image size-full\"><img loading=\"lazy\" decoding=\"async\" width=\"1024\" height=\"683\" data-id=\"3643\" src=\"https:\/\/jurisgolf.eu\/wp-content\/uploads\/2025\/07\/Juris-golf-2026-1-1.jpg\" alt=\"\" class=\"wp-image-3643\" srcset=\"https:\/\/jurisgolf.eu\/wp-content\/uploads\/2025\/07\/Juris-golf-2026-1-1.jpg 1024w, https:\/\/jurisgolf.eu\/wp-content\/uploads\/2025\/07\/Juris-golf-2026-1-1-300x200.jpg 300w, https:\/\/jurisgolf.eu\/wp-content\/uploads\/2025\/07\/Juris-golf-2026-1-1-768x512.jpg 768w, https:\/\/jurisgolf.eu\/wp-content\/uploads\/2025\/07\/Juris-golf-2026-1-1-272x182.jpg 272w, https:\/\/jurisgolf.eu\/wp-content\/uploads\/2025\/07\/Juris-golf-2026-1-1-360x240.jpg 360w, https:\/\/jurisgolf.eu\/wp-content\/uploads\/2025\/07\/Juris-golf-2026-1-1-720x480.jpg 720w\" sizes=\"auto, (max-width: 1024px) 100vw, 1024px\" \/><\/figure>\n\n\n\n<figure class=\"wp-block-image size-large\"><img loading=\"lazy\" decoding=\"async\" width=\"1024\" height=\"576\" data-id=\"3644\" src=\"https:\/\/jurisgolf.eu\/wp-content\/uploads\/2025\/07\/Juris-golf-2026-2-3-1024x576.jpg\" alt=\"\" class=\"wp-image-3644\" srcset=\"https:\/\/jurisgolf.eu\/wp-content\/uploads\/2025\/07\/Juris-golf-2026-2-3-1024x576.jpg 1024w, https:\/\/jurisgolf.eu\/wp-content\/uploads\/2025\/07\/Juris-golf-2026-2-3-300x169.jpg 300w, https:\/\/jurisgolf.eu\/wp-content\/uploads\/2025\/07\/Juris-golf-2026-2-3-768x432.jpg 768w, https:\/\/jurisgolf.eu\/wp-content\/uploads\/2025\/07\/Juris-golf-2026-2-3-1536x864.jpg 1536w, https:\/\/jurisgolf.eu\/wp-content\/uploads\/2025\/07\/Juris-golf-2026-2-3.jpg 1920w\" sizes=\"auto, (max-width: 1024px) 100vw, 1024px\" \/><\/figure>\n\n\n\n<figure class=\"wp-block-image size-full\"><img loading=\"lazy\" decoding=\"async\" width=\"683\" height=\"1024\" data-id=\"3645\" src=\"https:\/\/jurisgolf.eu\/wp-content\/uploads\/2025\/07\/Juris-golf-2026-3-3.jpg\" alt=\"\" class=\"wp-image-3645\" srcset=\"https:\/\/jurisgolf.eu\/wp-content\/uploads\/2025\/07\/Juris-golf-2026-3-3.jpg 683w, https:\/\/jurisgolf.eu\/wp-content\/uploads\/2025\/07\/Juris-golf-2026-3-3-200x300.jpg 200w\" sizes=\"auto, (max-width: 683px) 100vw, 683px\" \/><\/figure>\n<\/figure>\n\n\n\n<p>Le <a href=\"https:\/\/www.lemelimelo-aix.fr\" target=\"_blank\" rel=\"noopener\" title=\"\">M\u00e9li-m\u00e9lo<\/a>, est situ\u00e9 \u00e0 proximit\u00e9 du d\u00e9part du trou n\u00b014.<\/p>\n\n\n\n<p>Ce restaurant-bar offre une carte vari\u00e9e m\u00ealant tapas g\u00e9n\u00e9reux, pizzas savoureuses et vins de qualit\u00e9, le tout dans un cadre enchanteur et une ambiance conviviale o\u00f9 l&#8217;on retrouve r\u00e9guli\u00e8rement ceux qui comptent \u00e0 Aix-en-Provence !<\/p>\n\n\n\n<figure class=\"wp-block-gallery has-nested-images columns-default is-cropped wp-block-gallery-6 is-layout-flex wp-block-gallery-is-layout-flex\">\n<figure class=\"wp-block-image size-full\"><img loading=\"lazy\" decoding=\"async\" width=\"1300\" height=\"975\" data-id=\"3646\" src=\"https:\/\/jurisgolf.eu\/wp-content\/uploads\/2025\/07\/Juris-golf-2026-1-2.jpg\" alt=\"\" class=\"wp-image-3646\" srcset=\"https:\/\/jurisgolf.eu\/wp-content\/uploads\/2025\/07\/Juris-golf-2026-1-2.jpg 1300w, https:\/\/jurisgolf.eu\/wp-content\/uploads\/2025\/07\/Juris-golf-2026-1-2-300x225.jpg 300w, https:\/\/jurisgolf.eu\/wp-content\/uploads\/2025\/07\/Juris-golf-2026-1-2-1024x768.jpg 1024w, https:\/\/jurisgolf.eu\/wp-content\/uploads\/2025\/07\/Juris-golf-2026-1-2-768x576.jpg 768w\" sizes=\"auto, (max-width: 1300px) 100vw, 1300px\" \/><\/figure>\n\n\n\n<figure class=\"wp-block-image size-large\"><img loading=\"lazy\" decoding=\"async\" width=\"1024\" height=\"614\" data-id=\"3647\" src=\"https:\/\/jurisgolf.eu\/wp-content\/uploads\/2025\/07\/Juris-golf-2026-2-4-1024x614.jpg\" alt=\"\" class=\"wp-image-3647\" srcset=\"https:\/\/jurisgolf.eu\/wp-content\/uploads\/2025\/07\/Juris-golf-2026-2-4-1024x614.jpg 1024w, https:\/\/jurisgolf.eu\/wp-content\/uploads\/2025\/07\/Juris-golf-2026-2-4-300x180.jpg 300w, https:\/\/jurisgolf.eu\/wp-content\/uploads\/2025\/07\/Juris-golf-2026-2-4-768x461.jpg 768w, https:\/\/jurisgolf.eu\/wp-content\/uploads\/2025\/07\/Juris-golf-2026-2-4.jpg 1280w\" sizes=\"auto, (max-width: 1024px) 100vw, 1024px\" \/><\/figure>\n\n\n\n<figure class=\"wp-block-image size-full\"><img loading=\"lazy\" decoding=\"async\" width=\"900\" height=\"500\" data-id=\"3648\" src=\"https:\/\/jurisgolf.eu\/wp-content\/uploads\/2025\/07\/Juris-golf-2026-3-4.jpg\" alt=\"\" class=\"wp-image-3648\" srcset=\"https:\/\/jurisgolf.eu\/wp-content\/uploads\/2025\/07\/Juris-golf-2026-3-4.jpg 900w, https:\/\/jurisgolf.eu\/wp-content\/uploads\/2025\/07\/Juris-golf-2026-3-4-300x167.jpg 300w, https:\/\/jurisgolf.eu\/wp-content\/uploads\/2025\/07\/Juris-golf-2026-3-4-768x427.jpg 768w\" sizes=\"auto, (max-width: 900px) 100vw, 900px\" \/><\/figure>\n<\/figure>\n\n\n<style>.wp-block-kadence-spacer.kt-block-spacer-3616_c5beff-f5 .kt-block-spacer{height:60px;}.wp-block-kadence-spacer.kt-block-spacer-3616_c5beff-f5 .kt-divider{border-top-width:1px;height:1px;border-top-color:#eee;width:80%;border-top-style:solid;}<\/style>\n<div class=\"wp-block-kadence-spacer aligncenter kt-block-spacer-3616_c5beff-f5\"><div class=\"kt-block-spacer kt-block-spacer-halign-center\"><hr class=\"kt-divider\"\/><\/div><\/div>\n\n\n\n<p>Le domaine comprend \u00e9galement des&nbsp;espaces \u00e9v\u00e9nementiels et professionnels&nbsp;: plus de&nbsp;530\u202fm\u00b2 r\u00e9partis sur deux niveaux, d\u00e9di\u00e9s aux s\u00e9minaires, r\u00e9unions ou r\u00e9ceptions, ainsi qu\u2019un&nbsp;espace de coworking&nbsp;et un&nbsp;r\u00e9seau d&#8217;affaires dynamique.<\/p>\n\n\n\n<figure class=\"wp-block-image size-large\"><img loading=\"lazy\" decoding=\"async\" width=\"1024\" height=\"768\" src=\"https:\/\/jurisgolf.eu\/wp-content\/uploads\/2025\/07\/Juris-Golf-2026-1024x768.jpg\" alt=\"\" class=\"wp-image-3621\" srcset=\"https:\/\/jurisgolf.eu\/wp-content\/uploads\/2025\/07\/Juris-Golf-2026-1024x768.jpg 1024w, https:\/\/jurisgolf.eu\/wp-content\/uploads\/2025\/07\/Juris-Golf-2026-300x225.jpg 300w, https:\/\/jurisgolf.eu\/wp-content\/uploads\/2025\/07\/Juris-Golf-2026-768x576.jpg 768w, https:\/\/jurisgolf.eu\/wp-content\/uploads\/2025\/07\/Juris-Golf-2026-1536x1152.jpg 1536w, https:\/\/jurisgolf.eu\/wp-content\/uploads\/2025\/07\/Juris-Golf-2026-2048x1536.jpg 2048w\" sizes=\"auto, (max-width: 1024px) 100vw, 1024px\" \/><\/figure>\n\n\n<style>.wp-block-kadence-spacer.kt-block-spacer-3616_f1b693-d5 .kt-block-spacer{height:60px;}.wp-block-kadence-spacer.kt-block-spacer-3616_f1b693-d5 .kt-divider{border-top-width:1px;height:1px;border-top-color:#eee;width:80%;border-top-style:solid;}<\/style>\n<div class=\"wp-block-kadence-spacer aligncenter kt-block-spacer-3616_f1b693-d5\"><div class=\"kt-block-spacer kt-block-spacer-halign-center\"><hr class=\"kt-divider\"\/><\/div><\/div>\n\n\n\n<h2 class=\"wp-block-heading\">Jouer au golf d&#8217;Aix-en-Provence<\/h2>\n\n\n\n<p class=\"has-medium-font-size\"><span style=\"text-decoration: underline;\">Tenue vestimentaire :<\/span> Une tenue correcte est exig\u00e9e. <\/p>\n\n\n\n<p class=\"has-medium-font-size\">Ne sont pas autoris\u00e9s&nbsp;:<br>\u2022 Les jeans, pantalons d\u00e9lav\u00e9s ou us\u00e9s<br>\u2022 Les tee-shirts<\/p>\n\n\n\n<p class=\"has-medium-font-size\"><span style=\"text-decoration: underline;\">Sur le parcours<\/span><\/p>\n\n\n\n<p class=\"has-medium-font-size\">\u2022 Voiturettes interdites \u00e0 moins de 10 m\u00e8tres des greens<br>\u2022 Pensez \u00e0 replacer vos divots, relever vos pitchs et ratisser les bunkers<\/p>\n\n\n\n<p class=\"has-medium-font-size\"><span style=\"text-decoration: underline;\">Temps de jeu<\/span><\/p>\n\n\n\n<p class=\"has-medium-font-size\">Pour effectuer les 18 trous dans des conditions normales, le temps de jeu est de&nbsp;:<br>\u2022 3 heures 45 pour les parties de 2 balles<br>\u2022 4 heures pour les parties de 3 balles<br>\u2022 4 heures 30 pour les parties de 4 balles<\/p>\n\n\n<style>.wp-block-kadence-spacer.kt-block-spacer-3616_e9c7a4-5c .kt-block-spacer{height:60px;}.wp-block-kadence-spacer.kt-block-spacer-3616_e9c7a4-5c .kt-divider{border-top-width:1px;height:1px;border-top-color:#eee;width:80%;border-top-style:solid;}<\/style>\n<div class=\"wp-block-kadence-spacer aligncenter kt-block-spacer-3616_e9c7a4-5c\"><div class=\"kt-block-spacer kt-block-spacer-halign-center\"><hr class=\"kt-divider\"\/><\/div><\/div>\n\n\n\n<p><\/p>\n","protected":false},"excerpt":{"rendered":"<p>Le domaine s&#8217;\u00e9tend sur 65 hectares : Le\u00a0parcours de golf 18 trous\u00a0(par 69, 5\u202f054 m\u00e8tres), dessin\u00e9 en 1990 par l\u2019architecte am\u00e9ricain\u00a0Ronald Fream, s\u2019\u00e9tend dans un somptueux parc arbor\u00e9 alliant pins, cypr\u00e8s et vallonnements au c\u0153ur de la campagne aixoise. S\u2019il peut para\u00eetre accessible au premier abord, il requiert en r\u00e9alit\u00e9\u00a0une grande pr\u00e9cision\u00a0et r\u00e9v\u00e8le toute sa\u00a0technicit\u00e9, [&hellip;]<\/p>\n","protected":false},"author":1,"featured_media":0,"parent":0,"menu_order":0,"comment_status":"closed","ping_status":"closed","template":"templates\/template-full.php","meta":{"om_disable_all_campaigns":false,"_monsterinsights_skip_tracking":false,"_monsterinsights_sitenote_active":false,"_monsterinsights_sitenote_note":"","_monsterinsights_sitenote_category":0,"_price":"","_stock":"","_tribe_ticket_header":"","_tribe_default_ticket_provider":"","_tribe_ticket_capacity":"0","_ticket_start_date":"","_ticket_end_date":"","_tribe_ticket_show_description":"","_tribe_ticket_show_not_going":false,"_tribe_ticket_use_global_stock":"","_tribe_ticket_global_stock_level":"","_global_stock_mode":"","_global_stock_cap":"","_tribe_rsvp_for_event":"","_tribe_ticket_going_count":"","_tribe_ticket_not_going_count":"","_tribe_tickets_list":"[]","_tribe_ticket_has_attendee_info_fields":false,"_themeisle_gutenberg_block_has_review":false,"footnotes":"","_tec_slr_enabled":"","_tec_slr_layout":""},"class_list":["post-3616","page","type-page","status-publish","hentry","post"],"aioseo_notices":[],"ticketed":false,"_links":{"self":[{"href":"https:\/\/jurisgolf.eu\/index.php?rest_route=\/wp\/v2\/pages\/3616","targetHints":{"allow":["GET"]}}],"collection":[{"href":"https:\/\/jurisgolf.eu\/index.php?rest_route=\/wp\/v2\/pages"}],"about":[{"href":"https:\/\/jurisgolf.eu\/index.php?rest_route=\/wp\/v2\/types\/page"}],"author":[{"embeddable":true,"href":"https:\/\/jurisgolf.eu\/index.php?rest_route=\/wp\/v2\/users\/1"}],"replies":[{"embeddable":true,"href":"https:\/\/jurisgolf.eu\/index.php?rest_route=%2Fwp%2Fv2%2Fcomments&post=3616"}],"version-history":[{"count":9,"href":"https:\/\/jurisgolf.eu\/index.php?rest_route=\/wp\/v2\/pages\/3616\/revisions"}],"predecessor-version":[{"id":3886,"href":"https:\/\/jurisgolf.eu\/index.php?rest_route=\/wp\/v2\/pages\/3616\/revisions\/3886"}],"wp:attachment":[{"href":"https:\/\/jurisgolf.eu\/index.php?rest_route=%2Fwp%2Fv2%2Fmedia&parent=3616"}],"curies":[{"name":"wp","href":"https:\/\/api.w.org\/{rel}","templated":true}]}}