{"id":34,"date":"2022-08-24T16:09:14","date_gmt":"2022-08-24T16:09:14","guid":{"rendered":"http:\/\/s921544358.onlinehome.fr\/?page_id=34"},"modified":"2026-02-06T17:00:47","modified_gmt":"2026-02-06T17:00:47","slug":"hotellerie","status":"publish","type":"page","link":"https:\/\/jurisgolf.eu\/?page_id=34","title":{"rendered":"PRATIQUE"},"content":{"rendered":"\n<h2 class=\"wp-block-heading has-text-align-center\">Partie sportive &#8211; inscriptions<\/h2>\n\n\n\n<p class=\"has-medium-font-size\">Les inscriptions s\u2019effectuent via <strong><a href=\"https:\/\/jurisgolf.eu\/?page_id=984\" target=\"_blank\" rel=\"noopener\" title=\"\">un formulaire en ligne<\/a><\/strong>&nbsp;et deviennent d\u00e9finitives apr\u00e8s&nbsp;<strong>r\u00e9ception du r\u00e8glement correspondant<\/strong>, effectu\u00e9 par&nbsp;<strong>virement bancaire ou ch\u00e8que<\/strong>, au plus tard&nbsp;<strong>un mois avant le d\u00e9but de la comp\u00e9tition<\/strong>, soit le&nbsp;<strong>30 avril 2026<\/strong>.<\/p>\n\n\n\n<p class=\"has-medium-font-size\">Les droits de jeu&nbsp;ne sont pas remboursables, sauf cas exceptionnel d\u00fbment justifi\u00e9, notamment pour&nbsp;raison m\u00e9dicale.<\/p>\n\n\n<style>.wp-block-kadence-spacer.kt-block-spacer-34_d0a2a5-ee .kt-block-spacer{height:60px;}.wp-block-kadence-spacer.kt-block-spacer-34_d0a2a5-ee .kt-divider{border-top-width:1px;height:1px;border-top-color:#eee;width:80%;border-top-style:solid;}<\/style>\n<div class=\"wp-block-kadence-spacer aligncenter kt-block-spacer-34_d0a2a5-ee\"><div class=\"kt-block-spacer kt-block-spacer-halign-center\"><hr class=\"kt-divider\"\/><\/div><\/div>\n\n\n\n<h2 class=\"wp-block-heading has-text-align-center\">H\u00f4tellerie<\/h2>\n\n\n\n<p class=\"has-medium-font-size\">Vous \u00eates libre d\u2019organiser votre s\u00e9jour (golf, h\u00e9bergement et restauration) selon vos pr\u00e9f\u00e9rences. Les adresses recommand\u00e9es sur ce site sont propos\u00e9es \u00e0 titre indicatif. Toutefois, pour b\u00e9n\u00e9ficier des&nbsp;tarifs h\u00f4teliers n\u00e9goci\u00e9s, il est imp\u00e9ratif de&nbsp;respecter les modalit\u00e9s de contact pr\u00e9cis\u00e9es ci-dessous, ces conditions pr\u00e9f\u00e9rentielles ne pouvant pas \u00eatre appliqu\u00e9es via les plateformes de r\u00e9servation en ligne.<\/p>\n\n\n\n<p><em>Sur le site du golf<\/em><\/p>\n\n\n\n<div class=\"wp-block-media-text is-stacked-on-mobile\"><figure class=\"wp-block-media-text__media\"><img loading=\"lazy\" decoding=\"async\" width=\"1024\" height=\"768\" src=\"https:\/\/jurisgolf.eu\/wp-content\/uploads\/2025\/07\/Juris-Golf-2026-1024x768.jpg\" alt=\"\" class=\"wp-image-3621 size-full\" srcset=\"https:\/\/jurisgolf.eu\/wp-content\/uploads\/2025\/07\/Juris-Golf-2026-1024x768.jpg 1024w, https:\/\/jurisgolf.eu\/wp-content\/uploads\/2025\/07\/Juris-Golf-2026-300x225.jpg 300w, https:\/\/jurisgolf.eu\/wp-content\/uploads\/2025\/07\/Juris-Golf-2026-768x576.jpg 768w, https:\/\/jurisgolf.eu\/wp-content\/uploads\/2025\/07\/Juris-Golf-2026-1536x1152.jpg 1536w, https:\/\/jurisgolf.eu\/wp-content\/uploads\/2025\/07\/Juris-Golf-2026-2048x1536.jpg 2048w\" sizes=\"auto, (max-width: 1024px) 100vw, 1024px\" \/><\/figure><div class=\"wp-block-media-text__content\">\n<h5><a href=\"https:\/\/setclub.com\/setclub-hotel\/\" target=\"_blank\" rel=\"noopener\">Hotel du Set club d&#8217;Aix en Provence, sur le golf<\/a><\/h5>\n<h6><strong>Un hotel inaugur\u00e9 en 2024. 71 chambres et suites avec terrasses, surplombant le Golf 18 trous d\u2019Aix-en-Provence. Notre h\u00f4tel est accessible et dispose de 2 chambres PMR pour garantir un confort optimal \u00e0 tous nos h\u00f4tes. Au programme : prendre soin de soi au spa, se rafra\u00eechir dans nos piscines, passer du bon temps dans nos bars et restaurants ou encore se d\u00e9fouler dans notre espace fitness &amp; wellness !<br \/><br \/>Pour b\u00e9n\u00e9ficier de la r\u00e9duction n\u00e9goci\u00e9e par Marie-France :<br \/><\/strong>&#8211; Aller sur le site de l&#8217;h\u00f4tel<br \/>&#8211; Au moment de r\u00e8gler, cliquer sur &#8220;code sp\u00e9cial&#8221; et renseigner Code Rabais et indiquer &#8220;<span style=\"color: #ff99cc;\">JURIS26<\/span>&#8220;.<br \/>En cas de difficult\u00e9, contacter <a href=\"mailto:mariefrance@jurisgolf.eu\">Marie-France<\/a> ou appeler l&#8217;h\u00f4tel (Julien : 00 33 4 12 04 74 75 &#8211; event@setclub.com)<\/h6>\n<\/div><\/div>\n\n\n\n<p><em>Sur le site de la soir\u00e9e de gala<\/em><\/p>\n\n\n\n<div class=\"wp-block-media-text is-stacked-on-mobile\"><figure class=\"wp-block-media-text__media\"><img loading=\"lazy\" decoding=\"async\" width=\"1024\" height=\"681\" src=\"https:\/\/jurisgolf.eu\/wp-content\/uploads\/2025\/10\/5392541.jpg\" alt=\"\" class=\"wp-image-3910 size-full\" srcset=\"https:\/\/jurisgolf.eu\/wp-content\/uploads\/2025\/10\/5392541.jpg 1024w, https:\/\/jurisgolf.eu\/wp-content\/uploads\/2025\/10\/5392541-300x200.jpg 300w, https:\/\/jurisgolf.eu\/wp-content\/uploads\/2025\/10\/5392541-768x511.jpg 768w, https:\/\/jurisgolf.eu\/wp-content\/uploads\/2025\/10\/5392541-272x182.jpg 272w, https:\/\/jurisgolf.eu\/wp-content\/uploads\/2025\/10\/5392541-360x240.jpg 360w, https:\/\/jurisgolf.eu\/wp-content\/uploads\/2025\/10\/5392541-720x480.jpg 720w\" sizes=\"auto, (max-width: 1024px) 100vw, 1024px\" \/><\/figure><div class=\"wp-block-media-text__content\">\n<h5><a href=\"https:\/\/www.aquabella.fr\" target=\"_blank\" rel=\"noopener\">H\u00f4tel Aquabella, centre Aix-en-Provence<\/a><\/h5>\n<h6><strong>L\u2019Aquabella H\u00f4tel &amp; Spa, situ\u00e9 en plein c\u0153ur d\u2019Aix\u2011en\u2011Provence, est un \u00e9tablissement 4 \u00e9toiles alliant charme contemporain et confort. Il propose 112 chambres et suites \u00e9l\u00e9gantes, certaines avec terrasse et vue sur la vieille ville, toutes \u00e9quip\u00e9es de climatisation, WiFi et minibar. L\u2019h\u00f4tel dispose d\u2019un spa sensoriel, d\u2019une piscine ext\u00e9rieure chauff\u00e9e, d\u2019un restaurant m\u00e9diterran\u00e9en \u201cL\u2019Orangerie\u201d et d\u2019un bar pour des moments de d\u00e9tente. <span style=\"color: #ff6600;\">Avec Parking Privatis\u00e9 sp\u00e9cial Juris Golf<\/span>.<\/strong><\/h6>\n<\/div><\/div>\n\n\n\n<p><\/p>\n\n\n\n<h2 class=\"wp-block-heading has-medium-font-size\"><em>A proximit\u00e9<\/em> &#8230;<\/h2>\n\n\n\n<div class=\"wp-block-media-text is-stacked-on-mobile\"><figure class=\"wp-block-media-text__media\"><a href=\"https:\/\/www.bluepillow.fr\/checkout\/594393e17c00cb0e643a69e2\/37143201?begin=2023-11-03&amp;end=2023-11-04&amp;currency=EUR&amp;language=fr&amp;utm_campaign=vr&amp;block_id=-b37143201_106874934_0_0_0-p78.59-7.86-4.13-USD-bkng-House&amp;country=FR\"><img loading=\"lazy\" decoding=\"async\" width=\"1024\" height=\"768\" src=\"https:\/\/jurisgolf.eu\/wp-content\/uploads\/2025\/07\/Jurisgolf-2.jpg\" alt=\"\" class=\"wp-image-3758 size-full\" srcset=\"https:\/\/jurisgolf.eu\/wp-content\/uploads\/2025\/07\/Jurisgolf-2.jpg 1024w, https:\/\/jurisgolf.eu\/wp-content\/uploads\/2025\/07\/Jurisgolf-2-300x225.jpg 300w, https:\/\/jurisgolf.eu\/wp-content\/uploads\/2025\/07\/Jurisgolf-2-768x576.jpg 768w\" sizes=\"auto, (max-width: 1024px) 100vw, 1024px\" \/><\/a><\/figure><div class=\"wp-block-media-text__content\">\n<h5><a href=\"https:\/\/www.adonis-aix.com\" target=\"_blank\" rel=\"noopener\">Hotel Adonis Aix-en-Provence<\/a><\/h5>\n<h6 data-start=\"83\" data-end=\"159\"><span class=\"relative -mx-px my-[-0.2rem] rounded px-px py-[0.2rem] transition-colors duration-100 ease-in-out\">Situ\u00e9 aux portes du village proven\u00e7al d\u2019\u00c9guilles, \u00e0 1,3km du golf et 4km du centre d&#8217;Aix en Provence, cet appart\u2011h\u00f4tel 3 \u00e9toiles propose <strong data-start=\"85\" data-end=\"113\">environ 95 \u00e0 120 studios<\/strong> confortables, certains avec terrasse ou patio, tous \u00e9quip\u00e9s d\u2019une <strong data-start=\"180\" data-end=\"204\">kitchenette compl\u00e8te<\/strong>, climatisation, connexion Wi\u2011Fi gratuite et TV \u00e9cran plat. <\/span><span class=\"relative -mx-px my-[-0.2rem] rounded px-px py-[0.2rem] transition-colors duration-100 ease-in-out\">Un espace d\u00e9tente agr\u00e9able avec <strong data-start=\"32\" data-end=\"54\">piscine ext\u00e9rieure<\/strong>, terrasse ensoleill\u00e9e, grand parking gratuit, ainsi qu\u2019un <strong data-start=\"113\" data-end=\"137\">restaurant-brasserie<\/strong> proposant une cuisine de saison aux accents proven\u00e7aux, face \u00e0 la piscine<\/span><\/h6>\n<h6><strong><br><br><\/strong><\/h6>\n<\/div><\/div>\n\n\n\n<div class=\"wp-block-media-text is-stacked-on-mobile\"><figure class=\"wp-block-media-text__media\"><a href=\"https:\/\/www.bluepillow.fr\/checkout\/594393e17c00cb0e643a69e2\/37143201?begin=2023-11-03&amp;end=2023-11-04&amp;currency=EUR&amp;language=fr&amp;utm_campaign=vr&amp;block_id=-b37143201_106874934_0_0_0-p78.59-7.86-4.13-USD-bkng-House&amp;country=FR\"><img loading=\"lazy\" decoding=\"async\" width=\"550\" height=\"366\" src=\"https:\/\/jurisgolf.eu\/wp-content\/uploads\/2025\/07\/Jurisgolf-4.jpg\" alt=\"\" class=\"wp-image-3761 size-full\" srcset=\"https:\/\/jurisgolf.eu\/wp-content\/uploads\/2025\/07\/Jurisgolf-4.jpg 550w, https:\/\/jurisgolf.eu\/wp-content\/uploads\/2025\/07\/Jurisgolf-4-300x200.jpg 300w, https:\/\/jurisgolf.eu\/wp-content\/uploads\/2025\/07\/Jurisgolf-4-272x182.jpg 272w, https:\/\/jurisgolf.eu\/wp-content\/uploads\/2025\/07\/Jurisgolf-4-360x240.jpg 360w\" sizes=\"auto, (max-width: 550px) 100vw, 550px\" \/><\/a><\/figure><div class=\"wp-block-media-text__content\">\n<h5><a href=\"http:\/\/hotel-augustins.com\">Hotel des Augustins<\/a><\/h5>\n<h6><strong>Situ\u00e9 dans la partie Chapelle du Couvent des Grands Augustins, construite au XV\u00e8me si\u00e8cle et r\u00e9pertori\u00e9e monument historique, l\u2019H\u00f4tel des Augustins dispose d\u2019un emplacement unique. <br \/>\u00c0 deux pas du c\u00e9l\u00e8bre Cours Mirabeau, de la Place de la Rotonde, des th\u00e9\u00e2tres, des restaurants, des mus\u00e9es et lieux de shopping, l\u2019h\u00f4tel permet de d\u00e9couvrir \u00e0 pied les quelques 140 monuments qui font la richesse architecturale de la tr\u00e8s belle ville d&#8217; Aix-en-Provence.<br \/><br \/>Situ\u00e9 \u00e0 7km du golf<\/strong><\/h6>\n<\/div><\/div>\n\n\n<style>.wp-block-kadence-spacer.kt-block-spacer-34_91152e-d5 .kt-block-spacer{height:60px;}.wp-block-kadence-spacer.kt-block-spacer-34_91152e-d5 .kt-divider{border-top-width:1px;height:1px;border-top-color:#eee;width:80%;border-top-style:solid;}<\/style>\n<div class=\"wp-block-kadence-spacer aligncenter kt-block-spacer-34_91152e-d5\"><div class=\"kt-block-spacer kt-block-spacer-halign-center\"><hr class=\"kt-divider\"\/><\/div><\/div>\n\n\n\n<h2 class=\"wp-block-heading has-text-align-center\">Acc\u00e8s- mobilit\u00e9<\/h2>\n\n\n\n<p class=\"has-medium-font-size\">Plusieurs possibilit\u00e9s existent pour se rendre au golf d&#8217;Aix-en-Provence<\/p>\n\n\n\n<p>&#8211; \u00e0 partir d&#8217;Aix en Provence TGV : 11 km (20mn)<\/p>\n\n\n\n<p>&#8211; \u00e0 partir de l&#8217;a\u00e9roport Marseille-Provence : 30 km (30mn)<\/p>\n\n\n\n<p>&#8211; En voiture (autoroute A8 direction Nice, Toulon, Aix en Provence), sortie 29. <br>Deux parkings possibles sur le golf. <br>&#8211; c\u00f4t\u00e9 restaurant &#8220;la piscine&#8221; point GPS : 43.54751, 5.38733,<br>&#8211; c\u00f4t\u00e9 restaurant &#8220;Le m\u00e9li m\u00e9lo&#8221;, point GPS : 43.548398 &#8211; 5.381502.<\/p>\n\n\n<style>.wp-block-kadence-spacer.kt-block-spacer-34_6b50f2-54 .kt-block-spacer{height:60px;}.wp-block-kadence-spacer.kt-block-spacer-34_6b50f2-54 .kt-divider{border-top-width:1px;height:1px;border-top-color:#eee;width:80%;border-top-style:solid;}<\/style>\n<div class=\"wp-block-kadence-spacer aligncenter kt-block-spacer-34_6b50f2-54\"><div class=\"kt-block-spacer kt-block-spacer-halign-center\"><hr class=\"kt-divider\"\/><\/div><\/div>\n\n\n\n<h2 class=\"wp-block-heading has-text-align-center\">Plan du site (cliquez ci-dessous)<\/h2>\n\n\n\n<figure class=\"wp-block-image size-large\"><a href=\"https:\/\/www.geoportail.gouv.fr\/carte?c=5.38270060713196,43.54683492696137&amp;z=17&amp;l0=GEOGRAPHICALGRIDSYSTEMS.MAPS.BDUNI.J1::GEOPORTAIL:OGC:WMTS(1)&amp;l1=CADASTRALPARCELS.PARCELLAIRE_EXPRESS::GEOPORTAIL:OGC:WMTS(1)&amp;l2=ORTHOIMAGERY.ORTHOPHOTOS::GEOPORTAIL:OGC:WMTS(1)&amp;d3=5616777(0.5)&amp;d4=5616779(0.5)&amp;permalink=yes\" target=\"_blank\" rel=\" noreferrer noopener\"><img loading=\"lazy\" decoding=\"async\" width=\"1024\" height=\"693\" src=\"https:\/\/jurisgolf.eu\/wp-content\/uploads\/2026\/01\/image-1024x693.jpeg\" alt=\"\" class=\"wp-image-4131\" srcset=\"https:\/\/jurisgolf.eu\/wp-content\/uploads\/2026\/01\/image-1024x693.jpeg 1024w, https:\/\/jurisgolf.eu\/wp-content\/uploads\/2026\/01\/image-300x203.jpeg 300w, https:\/\/jurisgolf.eu\/wp-content\/uploads\/2026\/01\/image-768x519.jpeg 768w, https:\/\/jurisgolf.eu\/wp-content\/uploads\/2026\/01\/image-1536x1039.jpeg 1536w, https:\/\/jurisgolf.eu\/wp-content\/uploads\/2026\/01\/image-2048x1385.jpeg 2048w\" sizes=\"auto, (max-width: 1024px) 100vw, 1024px\" \/><\/a><\/figure>\n\n\n\n<div class=\"wp-block-columns is-layout-flex wp-container-core-columns-is-layout-9d6595d7 wp-block-columns-is-layout-flex\">\n<div class=\"wp-block-column is-layout-flow wp-block-column-is-layout-flow\" style=\"flex-basis:100px\"><\/div>\n<\/div>\n","protected":false},"excerpt":{"rendered":"<p>Partie sportive &#8211; inscriptions Les inscriptions s\u2019effectuent via un formulaire en ligne&nbsp;et deviennent d\u00e9finitives apr\u00e8s&nbsp;r\u00e9ception du r\u00e8glement correspondant, effectu\u00e9 par&nbsp;virement bancaire ou ch\u00e8que, au plus tard&nbsp;un mois avant le d\u00e9but de la comp\u00e9tition, soit le&nbsp;30 avril 2026. Les droits de jeu&nbsp;ne sont pas remboursables, sauf cas exceptionnel d\u00fbment justifi\u00e9, notamment pour&nbsp;raison m\u00e9dicale. H\u00f4tellerie Vous \u00eates [&hellip;]<\/p>\n","protected":false},"author":1,"featured_media":0,"parent":0,"menu_order":0,"comment_status":"closed","ping_status":"closed","template":"templates\/template-full.php","meta":{"om_disable_all_campaigns":false,"_monsterinsights_skip_tracking":false,"_monsterinsights_sitenote_active":false,"_monsterinsights_sitenote_note":"","_monsterinsights_sitenote_category":0,"_price":"","_stock":"","_tribe_ticket_header":"","_tribe_default_ticket_provider":"","_tribe_ticket_capacity":"0","_ticket_start_date":"","_ticket_end_date":"","_tribe_ticket_show_description":"","_tribe_ticket_show_not_going":false,"_tribe_ticket_use_global_stock":"","_tribe_ticket_global_stock_level":"","_global_stock_mode":"","_global_stock_cap":"","_tribe_rsvp_for_event":"","_tribe_ticket_going_count":"","_tribe_ticket_not_going_count":"","_tribe_tickets_list":"[]","_tribe_ticket_has_attendee_info_fields":false,"_themeisle_gutenberg_block_has_review":false,"footnotes":"","_tec_slr_enabled":"","_tec_slr_layout":""},"class_list":["post-34","page","type-page","status-publish","hentry","post"],"aioseo_notices":[],"ticketed":false,"_links":{"self":[{"href":"https:\/\/jurisgolf.eu\/index.php?rest_route=\/wp\/v2\/pages\/34","targetHints":{"allow":["GET"]}}],"collection":[{"href":"https:\/\/jurisgolf.eu\/index.php?rest_route=\/wp\/v2\/pages"}],"about":[{"href":"https:\/\/jurisgolf.eu\/index.php?rest_route=\/wp\/v2\/types\/page"}],"author":[{"embeddable":true,"href":"https:\/\/jurisgolf.eu\/index.php?rest_route=\/wp\/v2\/users\/1"}],"replies":[{"embeddable":true,"href":"https:\/\/jurisgolf.eu\/index.php?rest_route=%2Fwp%2Fv2%2Fcomments&post=34"}],"version-history":[{"count":211,"href":"https:\/\/jurisgolf.eu\/index.php?rest_route=\/wp\/v2\/pages\/34\/revisions"}],"predecessor-version":[{"id":4328,"href":"https:\/\/jurisgolf.eu\/index.php?rest_route=\/wp\/v2\/pages\/34\/revisions\/4328"}],"wp:attachment":[{"href":"https:\/\/jurisgolf.eu\/index.php?rest_route=%2Fwp%2Fv2%2Fmedia&parent=34"}],"curies":[{"name":"wp","href":"https:\/\/api.w.org\/{rel}","templated":true}]}}