{"id":3380,"date":"2024-02-06T11:26:29","date_gmt":"2024-02-06T11:26:29","guid":{"rendered":"https:\/\/jurisgolf.eu\/?page_id=3380"},"modified":"2026-04-10T14:35:54","modified_gmt":"2026-04-10T14:35:54","slug":"colloque-justice-et-handicap","status":"publish","type":"page","link":"https:\/\/jurisgolf.eu\/?page_id=3380","title":{"rendered":"COLLOQUE &#8220;JUSTICE ET HANDICAP&#8221; 2026"},"content":{"rendered":"\n<div id=\"wp-block-themeisle-blocks-countdown-80c5c718\" data-date=\"2026-05-29T14:30:00\" class=\"wp-block-themeisle-blocks-countdown\"><div class=\"otter-countdown__container\"><div class=\"otter-countdown__display\"><div name=\"day\" class=\"otter-countdown__display-area is-main-component\"><div class=\"otter-countdown__value\">0<\/div><div class=\"otter-countdown__label\">Day<\/div><\/div><div name=\"hour\" class=\"otter-countdown__display-area is-main-component\"><div class=\"otter-countdown__value\">0<\/div><div class=\"otter-countdown__label\">Hour<\/div><\/div><div name=\"minute\" class=\"otter-countdown__display-area is-main-component\"><div class=\"otter-countdown__value\">0<\/div><div class=\"otter-countdown__label\">Minute<\/div><\/div><div name=\"second\" class=\"otter-countdown__display-area is-main-component\"><div class=\"otter-countdown__value\">0<\/div><div class=\"otter-countdown__label\">Second<\/div><\/div><\/div><\/div><\/div>\n\n\n\n<h2 class=\"wp-block-heading\">\u201cL\u2019\u00e9quit\u00e9 plut\u00f4t que l\u2019\u00e9galit\u00e9 \u201c<\/h2>\n\n\n\n<p>Pour la seconde fois, l\u2019association Loi 1901 Juris Golf organisera, le 29 mai 2026, sur le site du Golf d\u2019Aix-en-Provence, un colloque \u00ab Justice et handicap \u00bb, avec le soutien de la d\u00e9l\u00e9gation interminist\u00e9rielle \u00e0 la strat\u00e9gie nationale pour l&#8217;autisme et les troubles du neurod\u00e9veloppement, l\u2019A.R.S. (<strong>A<\/strong>gence <strong>R<\/strong>\u00e9gionale de <strong>S<\/strong>ant\u00e9) des Bouches Provence-Alpes C\u00f4te-d\u2019Azur et la M.D.P.H. des Bouches du Rh\u00f4ne.&nbsp;<\/p>\n\n\n\n<p>Ce colloque a pour vocation de r\u00e9unir des professionnels de justice, de la soci\u00e9t\u00e9 civile et du sport autour d&#8217;une question centrale : notre syst\u00e8me juridique et social garantit-il r\u00e9ellement l&#8217;\u00e9galit\u00e9 pour les personnes en situation de handicap \u2014 et en particulier de handicap invisible ?<\/p>\n\n\n\n<p>Trop souvent, l&#8217;\u00e9galit\u00e9 formelle \u2014 celle des textes et des principes \u2014 masque une in\u00e9galit\u00e9 r\u00e9elle v\u00e9cue au quotidien. Les personnes concern\u00e9es par un handicap non imm\u00e9diatement d\u00e9tectable (troubles du spectre de l\u2019autisme (Tsa), troubles dys, maladies chroniques, handicap psychique&#8230;) se heurtent non seulement au regard social, mais aussi aux d\u00e9faillances des institutions cens\u00e9es les prot\u00e9ger.<\/p>\n\n\n\n<p>Ce colloque a pour ambition d\u2019interroger la notion de justice \u00e0 l\u2019\u00e9preuve du handicap, de mettre en lumi\u00e8re l\u2019\u00e9cart entre l\u2019\u00e9galit\u00e9 proclam\u00e9e et l\u2019\u00e9quit\u00e9 r\u00e9ellement v\u00e9cue par les personnes et leurs familles, et d\u2019ouvrir des pistes concr\u00e8tes pour passer d\u2019une logique de preuve \u00e0 une logique de besoins.<\/p>\n\n\n\n<p>Nous aurons l&#8217;honneur d&#8217;accueillir notamment :<\/p>\n\n\n\n<ul class=\"wp-block-list\">\n<li><a href=\"https:\/\/youtu.be\/NbFAAkKHKcQ?si=U4nqGHAMuaPZGBVf\" target=\"_blank\" rel=\"noopener\" title=\"\"><strong>Josef Schovanec<\/strong><\/a>, philosophe, \u00e9crivain et militant pour la dignit\u00e9 des personnes vuln\u00e9rables<\/li>\n\n\n\n<li><strong>Pr James Lespinasse<\/strong>, professeur de m\u00e9decine en g\u00e9n\u00e9tique m\u00e9dicale, centre hospitalier M\u00e9tropole Savoie<\/li>\n\n\n\n<li><a href=\"https:\/\/youtu.be\/-orXkhv9_Q0?si=bcAFsq0RH9kMmd73\" target=\"_blank\" rel=\"noopener\" title=\"\">Thomas Colombel,<\/a> professionnel de golf, seul joueur au monde \u00e0 jouer \u00e0 la fois en paragolf (\u00e9quipe de France) et en valide (Alps tour)<\/li>\n<\/ul>\n\n\n\n<p>L\u2019int\u00e9gralit\u00e9 des recettes de cet \u00e9v\u00e9nement contribuera au cofinancement de <em><a href=\"https:\/\/jurisgolf.eu\/?page_id=838\" target=\"_blank\" rel=\"noopener\" title=\"\">La Balle \u00e0 Facettes<\/a><\/em>. Pour y assister, le public est invit\u00e9 \u00e0 effectuer un don libre \u00e0 partir de 5 euros. Ce choix permet tout \u00e0 la fois de limiter les d\u00e9sistements de derni\u00e8re minute et d\u2019impliquer plus directement chacun dans le soutien au premier projet solidaire imagin\u00e9, d\u00e9velopp\u00e9 et financ\u00e9 par l\u2019association : <a href=\"https:\/\/jurisgolf.eu\/?page_id=838\" target=\"_blank\" rel=\"noopener\" title=\"des ateliers d\u2019initiation au golf destin\u00e9s \u00e0 des personnes pr\u00e9sentant un trouble du spectre de l\u2019autisme\">des ateliers d\u2019initiation au golf destin\u00e9s \u00e0 des personnes pr\u00e9sentant un trouble du spectre de l\u2019autisme<\/a>.<\/p>\n\n\n\n<figure class=\"wp-block-gallery has-nested-images columns-default is-cropped wp-block-gallery-2 is-layout-flex wp-block-gallery-is-layout-flex\"><\/figure>\n\n\n\n<p class=\"has-text-align-center has-black-color has-text-color has-link-color has-medium-font-size wp-elements-c743f72a69928cb5fc69ea4b0800e796\"><strong><a href=\"http:\/\/INSCRIPTIONS EN CLIQUANT ICI -&gt; https:\/\/www.helloasso.com\/associations\/juris-golf\/evenements\/colloque-justice-et-handicap\" target=\"_blank\" rel=\"noopener\" title=\"\">INSCRIPTIONS EN CLIQUANT ICI<\/a><\/strong><\/p>\n\n\n\n<figure class=\"wp-block-image size-large\"><img loading=\"lazy\" decoding=\"async\" width=\"724\" height=\"1024\" src=\"https:\/\/jurisgolf.eu\/wp-content\/uploads\/2026\/04\/2-724x1024.jpg\" alt=\"\" class=\"wp-image-4503\" srcset=\"https:\/\/jurisgolf.eu\/wp-content\/uploads\/2026\/04\/2-724x1024.jpg 724w, https:\/\/jurisgolf.eu\/wp-content\/uploads\/2026\/04\/2-212x300.jpg 212w, https:\/\/jurisgolf.eu\/wp-content\/uploads\/2026\/04\/2-768x1086.jpg 768w, https:\/\/jurisgolf.eu\/wp-content\/uploads\/2026\/04\/2-1086x1536.jpg 1086w, https:\/\/jurisgolf.eu\/wp-content\/uploads\/2026\/04\/2.jpg 1414w\" sizes=\"auto, (max-width: 724px) 100vw, 724px\" \/><\/figure>\n","protected":false},"excerpt":{"rendered":"<p>\u201cL\u2019\u00e9quit\u00e9 plut\u00f4t que l\u2019\u00e9galit\u00e9 \u201c Pour la seconde fois, l\u2019association Loi 1901 Juris Golf organisera, le 29 mai 2026, sur le site du Golf d\u2019Aix-en-Provence, un colloque \u00ab Justice et handicap \u00bb, avec le soutien de la d\u00e9l\u00e9gation interminist\u00e9rielle \u00e0 la strat\u00e9gie nationale pour l&#8217;autisme et les troubles du neurod\u00e9veloppement, l\u2019A.R.S. (Agence R\u00e9gionale de Sant\u00e9) [&hellip;]<\/p>\n","protected":false},"author":1,"featured_media":0,"parent":0,"menu_order":0,"comment_status":"closed","ping_status":"closed","template":"templates\/template-full.php","meta":{"om_disable_all_campaigns":false,"_monsterinsights_skip_tracking":false,"_monsterinsights_sitenote_active":false,"_monsterinsights_sitenote_note":"","_monsterinsights_sitenote_category":0,"_price":"","_stock":"","_tribe_ticket_header":"","_tribe_default_ticket_provider":"","_tribe_ticket_capacity":"0","_ticket_start_date":"","_ticket_end_date":"","_tribe_ticket_show_description":"","_tribe_ticket_show_not_going":false,"_tribe_ticket_use_global_stock":"","_tribe_ticket_global_stock_level":"","_global_stock_mode":"","_global_stock_cap":"","_tribe_rsvp_for_event":"","_tribe_ticket_going_count":"","_tribe_ticket_not_going_count":"","_tribe_tickets_list":"[]","_tribe_ticket_has_attendee_info_fields":false,"_themeisle_gutenberg_block_has_review":false,"footnotes":"","_tec_slr_enabled":"","_tec_slr_layout":""},"class_list":["post-3380","page","type-page","status-publish","hentry","post"],"aioseo_notices":[],"ticketed":false,"_links":{"self":[{"href":"https:\/\/jurisgolf.eu\/index.php?rest_route=\/wp\/v2\/pages\/3380","targetHints":{"allow":["GET"]}}],"collection":[{"href":"https:\/\/jurisgolf.eu\/index.php?rest_route=\/wp\/v2\/pages"}],"about":[{"href":"https:\/\/jurisgolf.eu\/index.php?rest_route=\/wp\/v2\/types\/page"}],"author":[{"embeddable":true,"href":"https:\/\/jurisgolf.eu\/index.php?rest_route=\/wp\/v2\/users\/1"}],"replies":[{"embeddable":true,"href":"https:\/\/jurisgolf.eu\/index.php?rest_route=%2Fwp%2Fv2%2Fcomments&post=3380"}],"version-history":[{"count":41,"href":"https:\/\/jurisgolf.eu\/index.php?rest_route=\/wp\/v2\/pages\/3380\/revisions"}],"predecessor-version":[{"id":4504,"href":"https:\/\/jurisgolf.eu\/index.php?rest_route=\/wp\/v2\/pages\/3380\/revisions\/4504"}],"wp:attachment":[{"href":"https:\/\/jurisgolf.eu\/index.php?rest_route=%2Fwp%2Fv2%2Fmedia&parent=3380"}],"curies":[{"name":"wp","href":"https:\/\/api.w.org\/{rel}","templated":true}]}}