{"id":2562,"date":"2023-10-19T10:27:40","date_gmt":"2023-10-19T10:27:40","guid":{"rendered":"https:\/\/jurisgolf.eu\/?page_id=2562"},"modified":"2023-12-30T14:14:29","modified_gmt":"2023-12-30T14:14:29","slug":"video-2024","status":"publish","type":"page","link":"https:\/\/jurisgolf.eu\/?page_id=2562","title":{"rendered":"VIDEO 2024"},"content":{"rendered":"\n<h2 class=\"wp-block-heading alignwide\">Bonne Ann\u00e9e 2024 de la part des b\u00e9n\u00e9voles de la Juris Golf<\/h2>\n\n\n\n<figure class=\"wp-block-embed is-type-video is-provider-youtube wp-block-embed-youtube wp-embed-aspect-16-9 wp-has-aspect-ratio\"><div class=\"wp-block-embed__wrapper\">\n<iframe loading=\"lazy\" hcb-fetch-image-from=\"https:\/\/youtu.be\/3ZWVBb2UkSA?si=PETsfRCqzFLHBz-p\" title=\"Juris Golf, voeux 2024\" width=\"720\" height=\"405\" src=\"https:\/\/www.youtube.com\/embed\/3ZWVBb2UkSA?feature=oembed\" frameborder=\"0\" allow=\"accelerometer; autoplay; clipboard-write; encrypted-media; gyroscope; picture-in-picture; web-share\" allowfullscreen><\/iframe>\n<\/div><\/figure>\n\n\n<style>.wp-block-kadence-spacer.kt-block-spacer-2562_81db1f-c2 .kt-block-spacer{height:60px;}.wp-block-kadence-spacer.kt-block-spacer-2562_81db1f-c2 .kt-divider{border-top-width:1px;height:1px;border-top-color:#eee;width:80%;border-top-style:solid;}<\/style>\n<div class=\"wp-block-kadence-spacer aligncenter kt-block-spacer-2562_81db1f-c2\"><div class=\"kt-block-spacer kt-block-spacer-halign-center\"><hr class=\"kt-divider\"\/><\/div><\/div>\n\n\n\n<p>Bonne Ann\u00e9e 2024 de la part des b\u00e9n\u00e9voles de la Juris Golf<\/p>\n\n\n\n<h2 class=\"wp-block-heading alignwide\">la Juris Golf &#8220;monte \u00e0 Paris&#8221;, au minist\u00e8re et au s\u00e9nat .\/<\/h2>\n\n\n\n<figure class=\"wp-block-embed is-type-video is-provider-youtube wp-block-embed-youtube wp-embed-aspect-16-9 wp-has-aspect-ratio\"><div class=\"wp-block-embed__wrapper\">\n<iframe loading=\"lazy\" hcb-fetch-image-from=\"https:\/\/youtu.be\/lxY1kj1q3fM?si=fTVmvGt532XiECHr\" title=\"La Juris golf 2024 &quot;monte&quot; \u00e0 Paris\" width=\"720\" height=\"405\" src=\"https:\/\/www.youtube.com\/embed\/lxY1kj1q3fM?feature=oembed\" frameborder=\"0\" allow=\"accelerometer; autoplay; clipboard-write; encrypted-media; gyroscope; picture-in-picture; web-share\" allowfullscreen><\/iframe>\n<\/div><\/figure>\n\n\n\n<p><\/p>\n\n\n\n<p><\/p>\n","protected":false},"excerpt":{"rendered":"<p>Bonne Ann\u00e9e 2024 de la part des b\u00e9n\u00e9voles de la Juris Golf Bonne Ann\u00e9e 2024 de la part des b\u00e9n\u00e9voles de la Juris Golf la Juris Golf &#8220;monte \u00e0 Paris&#8221;, au minist\u00e8re et au s\u00e9nat .\/<\/p>\n","protected":false},"author":1,"featured_media":203,"parent":0,"menu_order":0,"comment_status":"closed","ping_status":"closed","template":"templates\/template-full-notitle.php","meta":{"om_disable_all_campaigns":false,"_monsterinsights_skip_tracking":false,"_monsterinsights_sitenote_active":false,"_monsterinsights_sitenote_note":"","_monsterinsights_sitenote_category":0,"_price":"","_stock":"","_tribe_ticket_header":"","_tribe_default_ticket_provider":"","_tribe_ticket_capacity":"0","_ticket_start_date":"","_ticket_end_date":"","_tribe_ticket_show_description":"","_tribe_ticket_show_not_going":false,"_tribe_ticket_use_global_stock":"","_tribe_ticket_global_stock_level":"","_global_stock_mode":"","_global_stock_cap":"","_tribe_rsvp_for_event":"","_tribe_ticket_going_count":"","_tribe_ticket_not_going_count":"","_tribe_tickets_list":"[]","_tribe_ticket_has_attendee_info_fields":false,"_themeisle_gutenberg_block_has_review":false,"footnotes":"","_tec_slr_enabled":"","_tec_slr_layout":""},"class_list":["post-2562","page","type-page","status-publish","has-post-thumbnail","hentry","post","post-with-thumbnail","post-with-thumbnail-large"],"aioseo_notices":[],"ticketed":false,"_links":{"self":[{"href":"https:\/\/jurisgolf.eu\/index.php?rest_route=\/wp\/v2\/pages\/2562","targetHints":{"allow":["GET"]}}],"collection":[{"href":"https:\/\/jurisgolf.eu\/index.php?rest_route=\/wp\/v2\/pages"}],"about":[{"href":"https:\/\/jurisgolf.eu\/index.php?rest_route=\/wp\/v2\/types\/page"}],"author":[{"embeddable":true,"href":"https:\/\/jurisgolf.eu\/index.php?rest_route=\/wp\/v2\/users\/1"}],"replies":[{"embeddable":true,"href":"https:\/\/jurisgolf.eu\/index.php?rest_route=%2Fwp%2Fv2%2Fcomments&post=2562"}],"version-history":[{"count":4,"href":"https:\/\/jurisgolf.eu\/index.php?rest_route=\/wp\/v2\/pages\/2562\/revisions"}],"predecessor-version":[{"id":3276,"href":"https:\/\/jurisgolf.eu\/index.php?rest_route=\/wp\/v2\/pages\/2562\/revisions\/3276"}],"wp:featuredmedia":[{"embeddable":true,"href":"https:\/\/jurisgolf.eu\/index.php?rest_route=\/wp\/v2\/media\/203"}],"wp:attachment":[{"href":"https:\/\/jurisgolf.eu\/index.php?rest_route=%2Fwp%2Fv2%2Fmedia&parent=2562"}],"curies":[{"name":"wp","href":"https:\/\/api.w.org\/{rel}","templated":true}]}}