{"id":2542,"date":"2023-09-18T10:45:47","date_gmt":"2023-09-18T10:45:47","guid":{"rendered":"https:\/\/jurisgolf.eu\/?page_id=2542"},"modified":"2026-02-05T07:39:16","modified_gmt":"2026-02-05T07:39:16","slug":"dautres-juris","status":"publish","type":"page","link":"https:\/\/jurisgolf.eu\/?page_id=2542","title":{"rendered":"AUTRES \u00ab\u00a0JURIS\u00a0\u00bb"},"content":{"rendered":"\n<p class=\"has-medium-font-size\">Trois fois dans l&#8217;ann\u00e9e, la r\u00e9gion Sud est au coeur des trois plus grands \u00e9v\u00e8nements sportifs destin\u00e9s aux professionnels de justice.<\/p>\n\n\n<style>.wp-block-kadence-spacer.kt-block-spacer-2542_874074-01 .kt-block-spacer{height:60px;}.wp-block-kadence-spacer.kt-block-spacer-2542_874074-01 .kt-divider{border-top-width:1px;height:1px;border-top-color:#eee;width:80%;border-top-style:solid;}<\/style>\n<div class=\"wp-block-kadence-spacer aligncenter kt-block-spacer-2542_874074-01\"><div class=\"kt-block-spacer kt-block-spacer-halign-center\"><hr class=\"kt-divider\"\/><\/div><\/div>\n\n\n\n<div class=\"wp-block-media-text alignwide is-stacked-on-mobile is-vertically-aligned-top\" style=\"grid-template-columns:19% auto\"><figure class=\"wp-block-media-text__media\"><a href=\"https:\/\/www.juriscup.com\" target=\"_blank\" rel=\"noreferrer noopener\"><img loading=\"lazy\" decoding=\"async\" width=\"264\" height=\"212\" src=\"https:\/\/jurisgolf.eu\/wp-content\/uploads\/2023\/09\/logo-site-2022.png\" alt=\"\" class=\"wp-image-2551 size-full\"\/><\/a><\/figure><div class=\"wp-block-media-text__content\">\n<p>La <a href=\"https:\/\/www.juriscup.com\" target=\"_blank\" rel=\"noopener\" title=\"\">Juris-Cup<\/a> : Avec plus de&nbsp;<strong>2 200 participants,<\/strong>&nbsp;la Juris&#8217; cup est la plus grande r\u00e9gate corporative d\u2019Europe et un \u00e9v\u00e9nement sportif et festif hors du commun. De 25 bateaux lors de la premi\u00e8re \u00e9dition en 1991, la r\u00e9gate compte aujourd\u2019hui quelques&nbsp;<strong>130 bateaux.<\/strong> De belles unit\u00e9s affr\u00e9t\u00e9es par de nombreuses nationalit\u00e9s qui se donnent rendez-vous chaque ann\u00e9e sur le Vieux Port de Marseille pour cette fabuleuse r\u00e9gate m\u00ealant vieux gr\u00e9ements et voiliers de courses, professionnels et amateurs, juristes et gens de la mer. La comp\u00e9tition se d\u00e9roule autour d&#8217;un colloque &#8220;droit de la plaisance&#8221;<\/p>\n<\/div><\/div>\n\n\n<style>.wp-block-kadence-spacer.kt-block-spacer-2542_612077-d5 .kt-block-spacer{height:60px;}.wp-block-kadence-spacer.kt-block-spacer-2542_612077-d5 .kt-divider{border-top-width:1px;height:1px;border-top-color:#eee;width:80%;border-top-style:solid;}<\/style>\n<div class=\"wp-block-kadence-spacer aligncenter kt-block-spacer-2542_612077-d5\"><div class=\"kt-block-spacer kt-block-spacer-halign-center\"><hr class=\"kt-divider\"\/><\/div><\/div>\n\n\n\n<div class=\"wp-block-media-text alignwide is-stacked-on-mobile is-vertically-aligned-top\" style=\"grid-template-columns:20% auto\"><figure class=\"wp-block-media-text__media\"><a href=\"https:\/\/www.juriscup.com\" target=\"_blank\" rel=\"noreferrer noopener\"><img loading=\"lazy\" decoding=\"async\" width=\"1024\" height=\"724\" src=\"https:\/\/jurisgolf.eu\/wp-content\/uploads\/2023\/09\/JURISCUP-SKI-1024x724-1.png\" alt=\"\" class=\"wp-image-2550 size-full\" srcset=\"https:\/\/jurisgolf.eu\/wp-content\/uploads\/2023\/09\/JURISCUP-SKI-1024x724-1.png 1024w, https:\/\/jurisgolf.eu\/wp-content\/uploads\/2023\/09\/JURISCUP-SKI-1024x724-1-300x212.png 300w, https:\/\/jurisgolf.eu\/wp-content\/uploads\/2023\/09\/JURISCUP-SKI-1024x724-1-768x543.png 768w\" sizes=\"auto, (max-width: 1024px) 100vw, 1024px\" \/><\/a><\/figure><div class=\"wp-block-media-text__content\">\n<p>La <a href=\"https:\/\/juriscupski.com\" target=\"_blank\" rel=\"noopener\" title=\"\">Juris&#8217;cup ski<\/a> : La juris&#8217;cup ski&nbsp;c\u00e9l\u00e8bre l\u2019Amiti\u00e9 entre tous les juristes et r\u00e9unit des juristes venus de toute la France autour d\u2019un \u00e9v\u00e9nement double : un colloque sur le droit de la montage et deux jours de comp\u00e9titions de ski \u00e0 Serre Chevalier.<\/p>\n<\/div><\/div>\n\n\n<style>.wp-block-kadence-spacer.kt-block-spacer-2542_95d812-be .kt-block-spacer{height:60px;}.wp-block-kadence-spacer.kt-block-spacer-2542_95d812-be .kt-divider{border-top-width:1px;height:1px;border-top-color:#eee;width:80%;border-top-style:solid;}<\/style>\n<div class=\"wp-block-kadence-spacer aligncenter kt-block-spacer-2542_95d812-be\"><div class=\"kt-block-spacer kt-block-spacer-halign-center\"><hr class=\"kt-divider\"\/><\/div><\/div>\n\n\n\n<div class=\"wp-block-media-text alignwide is-stacked-on-mobile is-vertically-aligned-top\" style=\"grid-template-columns:20% auto\"><figure class=\"wp-block-media-text__media\"><a href=\"https:\/\/www.juriscup.com\" target=\"_blank\" rel=\"noreferrer noopener\"><img loading=\"lazy\" decoding=\"async\" width=\"1024\" height=\"512\" src=\"https:\/\/jurisgolf.eu\/wp-content\/uploads\/2023\/01\/screen-juris--1024x512.png\" alt=\"\" class=\"wp-image-1690 size-full\" srcset=\"https:\/\/jurisgolf.eu\/wp-content\/uploads\/2023\/01\/screen-juris--1024x512.png 1024w, https:\/\/jurisgolf.eu\/wp-content\/uploads\/2023\/01\/screen-juris--300x150.png 300w, https:\/\/jurisgolf.eu\/wp-content\/uploads\/2023\/01\/screen-juris--768x384.png 768w, https:\/\/jurisgolf.eu\/wp-content\/uploads\/2023\/01\/screen-juris--1536x767.png 1536w, https:\/\/jurisgolf.eu\/wp-content\/uploads\/2023\/01\/screen-juris--2048x1023.png 2048w, https:\/\/jurisgolf.eu\/wp-content\/uploads\/2023\/01\/screen-juris--960x480.png 960w\" sizes=\"auto, (max-width: 1024px) 100vw, 1024px\" \/><\/a><\/figure><div class=\"wp-block-media-text__content\">\n<p>La <a href=\"http:\/\/www.jurisgolf.eu\" target=\"_blank\" rel=\"noopener\" title=\"\">Juris-golf<\/a> : Le premier troph\u00e9e de golf des professionnels de justice propose aux magistrats, avocats, experts, notaires, commissaires de justice et experts-comptables fran\u00e7ais, belges, suisses et luxembourgeois, deux journ\u00e9es de comp\u00e9tition (vendredi par \u00e9quipe, format Ryder Cup et samedi en individuel), ainsi qu&#8217;un colloque &#8220;droit et handicap&#8221;. L&#8217;organisation reverse chaque ann\u00e9e ses b\u00e9n\u00e9fices \u00e0 une association qui oeuvre en faveur des porteurs de troubles autistiques.<\/p>\n<\/div><\/div>\n\n\n<style>.wp-block-kadence-spacer.kt-block-spacer-2542_d95274-0c .kt-block-spacer{height:60px;}.wp-block-kadence-spacer.kt-block-spacer-2542_d95274-0c .kt-divider{border-top-width:1px;height:1px;border-top-color:#eee;width:80%;border-top-style:solid;}<\/style>\n<div class=\"wp-block-kadence-spacer aligncenter kt-block-spacer-2542_d95274-0c\"><div class=\"kt-block-spacer kt-block-spacer-halign-center\"><hr class=\"kt-divider\"\/><\/div><\/div>\n\n\n\n<p>Et en juin, juste apr\u00e8s la Juris golf, se d\u00e9roule \u00e0 Paris au coeur du bois de Boulogne, la Juris&#8217;Run<\/p>\n\n\n\n<div class=\"wp-block-media-text alignwide is-stacked-on-mobile is-vertically-aligned-top\" style=\"grid-template-columns:20% auto\"><figure class=\"wp-block-media-text__media\"><a href=\"https:\/\/www.juriscup.com\" target=\"_blank\" rel=\"noreferrer noopener\"><img loading=\"lazy\" decoding=\"async\" width=\"354\" height=\"142\" src=\"https:\/\/jurisgolf.eu\/wp-content\/uploads\/2024\/03\/Unknown.png\" alt=\"\" class=\"wp-image-3471 size-full\" srcset=\"https:\/\/jurisgolf.eu\/wp-content\/uploads\/2024\/03\/Unknown.png 354w, https:\/\/jurisgolf.eu\/wp-content\/uploads\/2024\/03\/Unknown-300x120.png 300w\" sizes=\"auto, (max-width: 354px) 100vw, 354px\" \/><\/a><\/figure><div class=\"wp-block-media-text__content\">\n<p>La <a href=\"https:\/\/www.jurisrun.fr\" target=\"_blank\" rel=\"noopener\" title=\"\">Juris Run<\/a> est organis\u00e9e par l&#8217;ACE Jeunes Avocats Paris au profit de l&#8217;apiDV. Chaque ann\u00e9e, l&#8217;ACE Jeunes avocats organise la Juris Dun, une coure \u00e0 pied de 5 et 10km avec une marche de 5km r\u00e9unissant pr\u00e8s de 1 000 coureurs au c\u0153ur du Bois de Boulogne.<\/p>\n<\/div><\/div>\n","protected":false},"excerpt":{"rendered":"<p>Trois fois dans l&#8217;ann\u00e9e, la r\u00e9gion Sud est au coeur des trois plus grands \u00e9v\u00e8nements sportifs destin\u00e9s aux professionnels de justice. La Juris-Cup : Avec plus de&nbsp;2 200 participants,&nbsp;la Juris&#8217; cup est la plus grande r\u00e9gate corporative d\u2019Europe et un \u00e9v\u00e9nement sportif et festif hors du commun. De 25 bateaux lors de la premi\u00e8re \u00e9dition [&hellip;]<\/p>\n","protected":false},"author":1,"featured_media":0,"parent":0,"menu_order":0,"comment_status":"closed","ping_status":"closed","template":"","meta":{"om_disable_all_campaigns":false,"_monsterinsights_skip_tracking":false,"_monsterinsights_sitenote_active":false,"_monsterinsights_sitenote_note":"","_monsterinsights_sitenote_category":0,"_price":"","_stock":"","_tribe_ticket_header":"","_tribe_default_ticket_provider":"","_tribe_ticket_capacity":"0","_ticket_start_date":"","_ticket_end_date":"","_tribe_ticket_show_description":"","_tribe_ticket_show_not_going":false,"_tribe_ticket_use_global_stock":"","_tribe_ticket_global_stock_level":"","_global_stock_mode":"","_global_stock_cap":"","_tribe_rsvp_for_event":"","_tribe_ticket_going_count":"","_tribe_ticket_not_going_count":"","_tribe_tickets_list":"[]","_tribe_ticket_has_attendee_info_fields":false,"_themeisle_gutenberg_block_has_review":false,"footnotes":"","_tec_slr_enabled":"","_tec_slr_layout":""},"class_list":["post-2542","page","type-page","status-publish","hentry","post"],"aioseo_notices":[],"ticketed":false,"_links":{"self":[{"href":"https:\/\/jurisgolf.eu\/index.php?rest_route=\/wp\/v2\/pages\/2542","targetHints":{"allow":["GET"]}}],"collection":[{"href":"https:\/\/jurisgolf.eu\/index.php?rest_route=\/wp\/v2\/pages"}],"about":[{"href":"https:\/\/jurisgolf.eu\/index.php?rest_route=\/wp\/v2\/types\/page"}],"author":[{"embeddable":true,"href":"https:\/\/jurisgolf.eu\/index.php?rest_route=\/wp\/v2\/users\/1"}],"replies":[{"embeddable":true,"href":"https:\/\/jurisgolf.eu\/index.php?rest_route=%2Fwp%2Fv2%2Fcomments&post=2542"}],"version-history":[{"count":12,"href":"https:\/\/jurisgolf.eu\/index.php?rest_route=\/wp\/v2\/pages\/2542\/revisions"}],"predecessor-version":[{"id":4318,"href":"https:\/\/jurisgolf.eu\/index.php?rest_route=\/wp\/v2\/pages\/2542\/revisions\/4318"}],"wp:attachment":[{"href":"https:\/\/jurisgolf.eu\/index.php?rest_route=%2Fwp%2Fv2%2Fmedia&parent=2542"}],"curies":[{"name":"wp","href":"https:\/\/api.w.org\/{rel}","templated":true}]}}