{"id":1169,"date":"2022-12-05T17:44:45","date_gmt":"2022-12-05T17:44:45","guid":{"rendered":"https:\/\/jurisgolf.eu\/?page_id=1169"},"modified":"2024-03-29T07:36:56","modified_gmt":"2024-03-29T07:36:56","slug":"programme","status":"publish","type":"page","link":"https:\/\/jurisgolf.eu\/?page_id=1169","title":{"rendered":"PROGRAMME"},"content":{"rendered":"\n<p class=\"has-medium-font-size\"><\/p>\n\n\n\n<div id=\"wp-block-themeisle-blocks-accordion-30917c38\" class=\"wp-block-themeisle-blocks-accordion exclusive\">\n<details class=\"wp-block-themeisle-blocks-accordion-item\"><summary class=\"wp-block-themeisle-blocks-accordion-item__title\"><div><strong>Vendredi 9 juin : Reconnaissance<\/strong><\/div><\/summary><div class=\"wp-block-themeisle-blocks-accordion-item__content\">\n<p>Entra\u00eenement sur le parcours de la comp\u00e9tition* . D\u00e9part \u00e0 r\u00e9server au golf de Pont Royal (04 90 57 40 79 ou&nbsp;<a href=\"https:\/\/www.golf-pontroyal.com\/reservez-votre-parcours\/\" target=\"_blank\" rel=\"noreferrer noopener\">directement en ligne<\/a>) :<\/p>\n\n\n\n<p class=\"has-small-font-size\">* Green fee : 70\u20ac (tarif exceptionnel Juris Golf, contre 93\u20ac tarif normal), voiturette : 44\u20ac, chariot manuel : 6\u20ac<\/p>\n<\/div><\/details>\n\n\n\n<details class=\"wp-block-themeisle-blocks-accordion-item\"><summary class=\"wp-block-themeisle-blocks-accordion-item__title\"><div><strong>Samedi 10 Juin : Comp\u00e9tition<\/strong><\/div><\/summary><div class=\"wp-block-themeisle-blocks-accordion-item__content\">\n<ul class=\"wp-block-list\">\n<li><strong>7h <\/strong>: Ouverture de l&#8217;accueil<\/li>\n\n\n\n<li><strong>7h30h<\/strong>\u00a0: Premiers d\u00e9parts en ligne *<br>Concours de drive et de pr\u00e9cision sur le parcours<\/li>\n\n\n\n<li><strong>11h30 :<\/strong>\u00a0Derniers d\u00e9parts<\/li>\n\n\n\n<li><strong>14h :<\/strong> premi\u00e8res arriv\u00e9es\n<ul class=\"wp-block-list\">\n<li><em>Coupe de champagne, verre de ros\u00e9 et grignotages offerts \u00e0 l\u2019arriv\u00e9e devant l\u2019accueil pro-shop<\/em><\/li>\n<\/ul>\n<\/li>\n\n\n\n<li><strong>16h :<\/strong> D\u00e9gustation-vente des vins du Ch\u00e2teau d&#8217;Osmonde<\/li>\n\n\n\n<li><strong>17h : <\/strong>derni\u00e8res arriv\u00e9es<\/li>\n\n\n\n<li><strong>17h30 :<\/strong> D\u00e9monstration par Thomas Colombel devant le putting green\n<ul class=\"wp-block-list\">\n<li><em>vice champion de France handigolf 2023, membre de l\u2019\u00e9quipe de France handigolf<\/em><\/li>\n\n\n\n<li><em>Avec la complicit\u00e9 de M\u00b0 Benjamin Berbezier, vainqueur de la Juris golf 2022 <\/em><\/li>\n<\/ul>\n<\/li>\n<\/ul>\n\n\n\n<ul class=\"wp-block-list\">\n<li><strong>18h<\/strong>\u00a0: Soir\u00e9e de gala, avec concert de Jazz (groupe de JP Cassagne, expert judiciaire)\n<ul class=\"wp-block-list\">\n<li><em>ap\u00e9ritif (pastis, whisky, martini, punch maison, softs, eau plate et p\u00e9tillante)<\/em><\/li>\n\n\n\n<li><em>14 verrines coktail maison par personne &#8211; 4 ateliers d\u2019entr\u00e9es \u00e0 volont\u00e9<\/em><\/li>\n\n\n\n<li><em>Prises de parole\u00a0(Pont Royal, GRECA, Abdelatif Benazzi, Thomas Colombel, La Bourguette),\u00a0&#8211; remise des prix<\/em><\/li>\n\n\n\n<li><em>d\u00eener de gala (vins rouge, blanc et ros\u00e9)<\/em><\/li>\n\n\n\n<li><em>plat principal<\/em><\/li>\n\n\n\n<li><em>assiette de fromages<\/em><\/li>\n\n\n\n<li><em>3 desserts par personne &#8211; caf\u00e9.<\/em><\/li>\n\n\n\n<li><em>tirages au sort des voyages et s\u00e9jours golfiques<\/em><\/li>\n<\/ul>\n<\/li>\n<\/ul>\n\n\n\n<p><\/p>\n\n\n<div class=\"wp-block-image\">\n<figure class=\"aligncenter size-large\"><img loading=\"lazy\" decoding=\"async\" width=\"723\" height=\"1024\" src=\"https:\/\/jurisgolf.eu\/wp-content\/uploads\/2023\/05\/image-3-723x1024.jpeg\" alt=\"\" class=\"wp-image-2149\" srcset=\"https:\/\/jurisgolf.eu\/wp-content\/uploads\/2023\/05\/image-3-723x1024.jpeg 723w, https:\/\/jurisgolf.eu\/wp-content\/uploads\/2023\/05\/image-3-212x300.jpeg 212w, https:\/\/jurisgolf.eu\/wp-content\/uploads\/2023\/05\/image-3-768x1087.jpeg 768w, https:\/\/jurisgolf.eu\/wp-content\/uploads\/2023\/05\/image-3-1085x1536.jpeg 1085w, https:\/\/jurisgolf.eu\/wp-content\/uploads\/2023\/05\/image-3.jpeg 1270w\" sizes=\"auto, (max-width: 723px) 100vw, 723px\" \/><\/figure>\n<\/div><\/div><\/details>\n\n\n\n<details class=\"wp-block-themeisle-blocks-accordion-item\"><summary class=\"wp-block-themeisle-blocks-accordion-item__title\"><div><strong>Dimanche 11 juin : Jeu libre<\/strong><\/div><\/summary><div class=\"wp-block-themeisle-blocks-accordion-item__content\">\n<p>Durant Possibilit\u00e9 de jouer les deux golfs partenaires<\/p>\n\n\n\n<ul class=\"wp-block-list\">\n<li>Golf de Saumane : R\u00e9servation au 04 90 20 20 65<\/li>\n\n\n\n<li>Golf de Servane : R\u00e9servation au 04 90 47 59 95<\/li>\n<\/ul>\n\n\n\n<p><\/p>\n<\/div><\/details>\n\n\n\n<details class=\"wp-block-themeisle-blocks-accordion-item\"><summary class=\"wp-block-themeisle-blocks-accordion-item__title\"><div><strong>Engagements<\/strong><\/div><\/summary><div class=\"wp-block-themeisle-blocks-accordion-item__content\">\n<p>Les inscriptions devront s\u2019effectuer en ligne en compl\u00e9tant les deux formulaires d&#8217;inscription (le premier pour les r\u00e9servations<strong>&nbsp;sportives,&nbsp;<\/strong>le second pour la partie&nbsp;<strong>restauration<\/strong>)&nbsp;<strong>au plus tard 1 semaine avant la comp\u00e9tition<\/strong> (3 Juin 2023), et en retournant le r\u00e8glement correspondant par ch\u00e8ques bancaires (1). Les inscriptions ne seront valid\u00e9es par ordre de r\u00e9ception qu&#8217;\u00e0 r\u00e9ception des r\u00e8glements en fonction des places disponibles \u00e0 la date de remplissage des formulaires, et les ch\u00e8ques ne seront encaiss\u00e9s qu&#8217;une semaine avant la comp\u00e9tition.<\/p>\n\n\n\n<p class=\"has-small-font-size\"><em>(1) ch\u00e8ques \u00e0 l&#8217;ordre du GRECA, Groupement des Experts pr\u00e8s la Cour d&#8217;Appel d&#8217;Aix-en-Provence<\/em>. Les inscriptions sont d\u00e9finitives et les droits de jeu ne sont pas remboursables, sauf cas exceptionnel (pour raison m\u00e9dicale en particulier)<\/p>\n<\/div><\/details>\n\n\n\n<details class=\"wp-block-themeisle-blocks-accordion-item\"><summary class=\"wp-block-themeisle-blocks-accordion-item__title\"><div><strong>Organisation des s\u00e9jours<\/strong><\/div><\/summary><div class=\"wp-block-themeisle-blocks-accordion-item__content\">\n<p>Chaque joueur est responsable de l&#8217;organisation de son s\u00e9jour (choix de l&#8217;h\u00e9bergement et de la restauration). Nos&nbsp;<a href=\"https:\/\/jurisgolf.eu\/?page_id=34(ouvre un nouvel onglet)\" target=\"_blank\" rel=\"noreferrer noopener\">bonnes adresses<\/a>&nbsp;ne sont que des suggestions.<\/p>\n\n\n\n<p class=\"has-small-font-size\"><mark>ATTENTION :&nbsp;<\/mark>Les week-ends de Juin sont particuli\u00e8rement demand\u00e9s pour le golf, et si le parcours nous est privatis\u00e9 le jour de la comp\u00e9tition, nous vous invitons \u00e0&nbsp;<a href=\"https:\/\/www.golf-pontroyal.com\/reservez-votre-parcours\/\" target=\"_blank\" rel=\"noreferrer noopener\">r\u00e9server<\/a>&nbsp;tr\u00e8s \u00e0 l\u2019avance vos d\u00e9parts pour la reconnaissance du vendredi, vos parcours le dimanche si vous souhaitez b\u00e9n\u00e9ficier des tarifs que nous avons n\u00e9goci\u00e9 sur les golfs partenaires de&nbsp;<a href=\"https:\/\/prima.golf\/saumane\/login\" target=\"_blank\" rel=\"noreferrer noopener\">Saumane<\/a>&nbsp;et&nbsp;<a href=\"https:\/\/www.googleadservices.com\/pagead\/aclk?sa=L&amp;ai=DChcSEwiJ5Y3S64_7AhVxjGgJHRIMAsEYABAFGgJ3Zg&amp;ae=2&amp;ohost=www.google.com&amp;cid=CAESauD26LKWM-vnPPWnPUvTnriL4z5x5lzu8bxGAzqcfrILIJB3tT9_2C5dmRd2RxumHaEI0oh7_PoKQcGGHm8KcxO0egkF2bTFfGeZVdehQt3ofaB-CAloP1yi-K-itckEjiRAhtg3TFVVAgE&amp;sig=AOD64_2HeJ1XgElFiQC7iMQE8b-lYoyXvw&amp;q&amp;adurl&amp;ved=2ahUKEwj6r4XS64_7AhXYwYUKHVOoArwQ0Qx6BAgLEAE&amp;nis=8&amp;dct=1\" target=\"_blank\" rel=\"noreferrer noopener\">Servanes<\/a>, et vos prestations h\u00f4teli\u00e8res, surtout si vous choisissez les r\u00e9sidences situ\u00e9es sur le golf m\u00eame (<a href=\"https:\/\/www.moulindevernegues.com\/\" target=\"_blank\" rel=\"noreferrer noopener\">Hotel du Moulin de Vern\u00e8gues<\/a>&nbsp;ou&nbsp;<a href=\"https:\/\/www.pierreetvacances.com\/fr-fr\/fp_POG_location-maeva-home-hotel-du-golf-de-pont-royal?&amp;adlgid=c%7Cg%7Chotel%20golf%20pont%20royal%7C556014836307%7Ce&amp;gclid=Cj0KCQjwqoibBhDUARIsAH2OpWjvaQEw07oMc9gXRx_sbNAuKPxDwXnxzp6oBf6UWu-YWB-kGcIS3IkaAhD_EALw_wcB&amp;gclsrc=aw.ds\" target=\"_blank\" rel=\"noreferrer noopener\">H\u00f4tel du golf Maeva Pierre et Vacances<\/a>) qui sont tr\u00e8s demand\u00e9es.<\/p>\n\n\n\n<p>Les inscriptions devront s\u2019effectuer en ligne en compl\u00e9tant les deux formulaires d&#8217;inscription (le premier pour les r\u00e9servations<strong>&nbsp;sportives,&nbsp;<\/strong>le second pour la partie&nbsp;<strong>restauration<\/strong>)&nbsp;<strong>au plus tard 1 semaine avant le premier jour&nbsp;<\/strong>de la comp\u00e9tition (3 Juin 2023), et en retournant le r\u00e8glement correspondant par ch\u00e8ques bancaires (1). Les inscriptions ne seront valid\u00e9es par ordre de r\u00e9ception qu&#8217;\u00e0 r\u00e9ception des r\u00e8glements en fonction des places disponibles \u00e0 la date de remplissage des formulaires, et les ch\u00e8ques ne seront encaiss\u00e9s qu&#8217;une semaine avant la comp\u00e9tition.<\/p>\n\n\n\n<p class=\"has-small-font-size\"><em>(1) ch\u00e8ques \u00e0 l&#8217;ordre du GRECA, Groupement des Experts pr\u00e8s la Cour d&#8217;Appel d&#8217;Aix-en-Provence<\/em>. Les inscriptions sont d\u00e9finitives et les droits de jeu ne sont pas remboursables, sauf cas exceptionnel (pour raison m\u00e9dicale en particulier)<\/p>\n<\/div><\/details>\n<\/div>\n","protected":false},"excerpt":{"rendered":"","protected":false},"author":1,"featured_media":198,"parent":0,"menu_order":1,"comment_status":"closed","ping_status":"closed","template":"templates\/template-full-notitle.php","meta":{"om_disable_all_campaigns":false,"_monsterinsights_skip_tracking":false,"_monsterinsights_sitenote_active":false,"_monsterinsights_sitenote_note":"","_monsterinsights_sitenote_category":0,"_price":"","_stock":"","_tribe_ticket_header":"","_tribe_default_ticket_provider":"","_tribe_ticket_capacity":"0","_ticket_start_date":"","_ticket_end_date":"","_tribe_ticket_show_description":"","_tribe_ticket_show_not_going":false,"_tribe_ticket_use_global_stock":"","_tribe_ticket_global_stock_level":"","_global_stock_mode":"","_global_stock_cap":"","_tribe_rsvp_for_event":"","_tribe_ticket_going_count":"","_tribe_ticket_not_going_count":"","_tribe_tickets_list":"[]","_tribe_ticket_has_attendee_info_fields":false,"_themeisle_gutenberg_block_has_review":false,"footnotes":"","_tec_slr_enabled":"","_tec_slr_layout":""},"class_list":["post-1169","page","type-page","status-publish","has-post-thumbnail","hentry","post","post-with-thumbnail","post-with-thumbnail-large"],"aioseo_notices":[],"ticketed":false,"_links":{"self":[{"href":"https:\/\/jurisgolf.eu\/index.php?rest_route=\/wp\/v2\/pages\/1169","targetHints":{"allow":["GET"]}}],"collection":[{"href":"https:\/\/jurisgolf.eu\/index.php?rest_route=\/wp\/v2\/pages"}],"about":[{"href":"https:\/\/jurisgolf.eu\/index.php?rest_route=\/wp\/v2\/types\/page"}],"author":[{"embeddable":true,"href":"https:\/\/jurisgolf.eu\/index.php?rest_route=\/wp\/v2\/users\/1"}],"replies":[{"embeddable":true,"href":"https:\/\/jurisgolf.eu\/index.php?rest_route=%2Fwp%2Fv2%2Fcomments&post=1169"}],"version-history":[{"count":29,"href":"https:\/\/jurisgolf.eu\/index.php?rest_route=\/wp\/v2\/pages\/1169\/revisions"}],"predecessor-version":[{"id":3506,"href":"https:\/\/jurisgolf.eu\/index.php?rest_route=\/wp\/v2\/pages\/1169\/revisions\/3506"}],"wp:featuredmedia":[{"embeddable":true,"href":"https:\/\/jurisgolf.eu\/index.php?rest_route=\/wp\/v2\/media\/198"}],"wp:attachment":[{"href":"https:\/\/jurisgolf.eu\/index.php?rest_route=%2Fwp%2Fv2%2Fmedia&parent=1169"}],"curies":[{"name":"wp","href":"https:\/\/api.w.org\/{rel}","templated":true}]}}